{"id":3712,"date":"2026-02-12T17:10:00","date_gmt":"2026-02-12T22:10:00","guid":{"rendered":"https:\/\/capitolflooringproducts.com\/?post_type=product&#038;p=3712"},"modified":"2026-02-13T12:47:12","modified_gmt":"2026-02-13T17:47:12","slug":"cuchillo-profesional-con-cuchilla-fija-para-alfombra-110701","status":"publish","type":"product","link":"https:\/\/capitolflooringproducts.com\/es\/producto\/cuchillo-profesional-con-cuchilla-fija-para-alfombra-110701\/","title":{"rendered":"Cuchillo profesional con cuchilla fija para alfombra"},"content":{"rendered":"","protected":false},"excerpt":{"rendered":"<p>El cuchillo profesional con cuchilla fija para alfombra de Capitol<sup>\u00ae<\/sup> es el favorito de los instaladores profesionales. Se caracteriza por su dise\u00f1o \u00fanico con empuje de pulgar para incrementar la presi\u00f3n durante el corte y la seguridad, una manija contorneada y resistente a los deslizamientos para un agarre m\u00e1s firme, un perno de f\u00e1cil apertura para cambiar m\u00e1s r\u00e1pido la cuchilla y un sistema de almacenamiento de cuchillas incorporado para una mayor conveniencia.<\/p>\n","protected":false},"featured_media":6345,"template":"","meta":[],"product_brand":[],"product_cat":[270],"product_tag":[],"class_list":{"0":"post-3712","1":"product","2":"type-product","3":"status-publish","4":"has-post-thumbnail","6":"product_cat-cuchillos","8":"first","9":"instock","10":"shipping-taxable","11":"product-type-simple"},"_links":{"self":[{"href":"https:\/\/capitolflooringproducts.com\/es\/wp-json\/wp\/v2\/product\/3712","targetHints":{"allow":["GET"]}}],"collection":[{"href":"https:\/\/capitolflooringproducts.com\/es\/wp-json\/wp\/v2\/product"}],"about":[{"href":"https:\/\/capitolflooringproducts.com\/es\/wp-json\/wp\/v2\/types\/product"}],"wp:featuredmedia":[{"embeddable":true,"href":"https:\/\/capitolflooringproducts.com\/es\/wp-json\/wp\/v2\/media\/6345"}],"wp:attachment":[{"href":"https:\/\/capitolflooringproducts.com\/es\/wp-json\/wp\/v2\/media?parent=3712"}],"wp:term":[{"taxonomy":"product_brand","embeddable":true,"href":"https:\/\/capitolflooringproducts.com\/es\/wp-json\/wp\/v2\/product_brand?post=3712"},{"taxonomy":"product_cat","embeddable":true,"href":"https:\/\/capitolflooringproducts.com\/es\/wp-json\/wp\/v2\/product_cat?post=3712"},{"taxonomy":"product_tag","embeddable":true,"href":"https:\/\/capitolflooringproducts.com\/es\/wp-json\/wp\/v2\/product_tag?post=3712"}],"curies":[{"name":"wp","href":"https:\/\/api.w.org\/{rel}","templated":true}]}}