{"id":3706,"date":"2026-02-12T17:10:00","date_gmt":"2026-02-12T22:10:00","guid":{"rendered":"https:\/\/capitolflooringproducts.com\/?post_type=product&#038;p=3706"},"modified":"2026-02-13T12:47:12","modified_gmt":"2026-02-13T17:47:12","slug":"cuchillo-de-doble-uso-para-alfombras-y-multiusos-110702","status":"publish","type":"product","link":"https:\/\/capitolflooringproducts.com\/es\/producto\/cuchillo-de-doble-uso-para-alfombras-y-multiusos-110702\/","title":{"rendered":"Cuchillo de doble uso para alfombras y multiusos"},"content":{"rendered":"","protected":false},"excerpt":{"rendered":"<p>El cuchillo de doble uso para alfombras y multiuso est\u00e1 fabricado para cortar tanto con una cuchilla para alfombras o con una cuchilla multiusos, seg\u00fan sea necesario. Este dise\u00f1o de patente pendiente se caracteriza por su tornillo de ajuste con el pulgar para cambios r\u00e1pidos de la cuchilla sin la necesidad de herramientas adicionales y una pieza pl\u00e1stica que sostiene la cuchilla en su lugar y la posiciona hacia la izquierda para las hojas de cuchilla de alfombra y hacia la derecha para las cuchillas multiusos. Este es un cuchillo liviano para maniobrar f\u00e1cilmente durante el corte, sin cansar la mano. Tiene una manija contorneada que le permite un agarre c\u00f3modo y el sistema de almacenamiento incorporado en la manija permite guardar las cuchillas de repuesto.<\/p>\n","protected":false},"featured_media":6330,"template":"","meta":[],"product_brand":[],"product_cat":[270],"product_tag":[],"class_list":{"0":"post-3706","1":"product","2":"type-product","3":"status-publish","4":"has-post-thumbnail","6":"product_cat-cuchillos","8":"first","9":"instock","10":"shipping-taxable","11":"product-type-simple"},"_links":{"self":[{"href":"https:\/\/capitolflooringproducts.com\/es\/wp-json\/wp\/v2\/product\/3706","targetHints":{"allow":["GET"]}}],"collection":[{"href":"https:\/\/capitolflooringproducts.com\/es\/wp-json\/wp\/v2\/product"}],"about":[{"href":"https:\/\/capitolflooringproducts.com\/es\/wp-json\/wp\/v2\/types\/product"}],"wp:featuredmedia":[{"embeddable":true,"href":"https:\/\/capitolflooringproducts.com\/es\/wp-json\/wp\/v2\/media\/6330"}],"wp:attachment":[{"href":"https:\/\/capitolflooringproducts.com\/es\/wp-json\/wp\/v2\/media?parent=3706"}],"wp:term":[{"taxonomy":"product_brand","embeddable":true,"href":"https:\/\/capitolflooringproducts.com\/es\/wp-json\/wp\/v2\/product_brand?post=3706"},{"taxonomy":"product_cat","embeddable":true,"href":"https:\/\/capitolflooringproducts.com\/es\/wp-json\/wp\/v2\/product_cat?post=3706"},{"taxonomy":"product_tag","embeddable":true,"href":"https:\/\/capitolflooringproducts.com\/es\/wp-json\/wp\/v2\/product_tag?post=3706"}],"curies":[{"name":"wp","href":"https:\/\/api.w.org\/{rel}","templated":true}]}}