{"id":3700,"date":"2026-02-12T17:10:00","date_gmt":"2026-02-12T22:10:00","guid":{"rendered":"https:\/\/capitolflooringproducts.com\/?post_type=product&#038;p=3700"},"modified":"2026-02-13T12:47:10","modified_gmt":"2026-02-13T17:47:10","slug":"herramienta-para-encajar-alfombras-que-no-deja-marcas-110901","status":"publish","type":"product","link":"https:\/\/capitolflooringproducts.com\/es\/producto\/herramienta-para-encajar-alfombras-que-no-deja-marcas-110901\/","title":{"rendered":"Herramienta para encajar alfombras que no deja marcas"},"content":{"rendered":"","protected":false},"excerpt":{"rendered":"<p>La herramienta para encajar alfombras que no deja marcas de Capitol<sup>\u00ae<\/sup> est\u00e1 fabricada con un material ligero de nylon para evitar da\u00f1os a la pintura o causar marcas en los z\u00f3calos, paredes, baldosas de cer\u00e1mica y metales. De doble filo, tiene un extremo cuadrado para esquinas y un extremo curvo para escaleras, y es ideal para crear transiciones limpias a lo largo de las paredes durante la instalaci\u00f3n o reparaci\u00f3n de alfombras.<\/p>\n","protected":false},"featured_media":6315,"template":"","meta":[],"product_brand":[],"product_cat":[272],"product_tag":[],"class_list":{"0":"post-3700","1":"product","2":"type-product","3":"status-publish","4":"has-post-thumbnail","6":"product_cat-herramientas-para-encajar","8":"first","9":"instock","10":"shipping-taxable","11":"product-type-simple"},"_links":{"self":[{"href":"https:\/\/capitolflooringproducts.com\/es\/wp-json\/wp\/v2\/product\/3700","targetHints":{"allow":["GET"]}}],"collection":[{"href":"https:\/\/capitolflooringproducts.com\/es\/wp-json\/wp\/v2\/product"}],"about":[{"href":"https:\/\/capitolflooringproducts.com\/es\/wp-json\/wp\/v2\/types\/product"}],"wp:featuredmedia":[{"embeddable":true,"href":"https:\/\/capitolflooringproducts.com\/es\/wp-json\/wp\/v2\/media\/6315"}],"wp:attachment":[{"href":"https:\/\/capitolflooringproducts.com\/es\/wp-json\/wp\/v2\/media?parent=3700"}],"wp:term":[{"taxonomy":"product_brand","embeddable":true,"href":"https:\/\/capitolflooringproducts.com\/es\/wp-json\/wp\/v2\/product_brand?post=3700"},{"taxonomy":"product_cat","embeddable":true,"href":"https:\/\/capitolflooringproducts.com\/es\/wp-json\/wp\/v2\/product_cat?post=3700"},{"taxonomy":"product_tag","embeddable":true,"href":"https:\/\/capitolflooringproducts.com\/es\/wp-json\/wp\/v2\/product_tag?post=3700"}],"curies":[{"name":"wp","href":"https:\/\/api.w.org\/{rel}","templated":true}]}}