{"id":3698,"date":"2026-02-12T17:10:00","date_gmt":"2026-02-12T22:10:00","guid":{"rendered":"https:\/\/capitolflooringproducts.com\/?post_type=product&#038;p=3698"},"modified":"2026-02-13T12:47:10","modified_gmt":"2026-02-13T17:47:10","slug":"adhesivo-para-alfombras-y-laminas-vinilicas-multiuso-mp100-mp100-4","status":"publish","type":"product","link":"https:\/\/capitolflooringproducts.com\/es\/producto\/adhesivo-para-alfombras-y-laminas-vinilicas-multiuso-mp100-mp100-4\/","title":{"rendered":"Adhesivo para alfombras y l\u00e1minas vin\u00edlicas multiuso MP100"},"content":{"rendered":"","protected":false},"excerpt":{"rendered":"<p>El MP100 de Capitol<sup>\u00ae<\/sup> es un adhesivo multiuso a base de agua formulado para la instalaci\u00f3n de l\u00e1minas de fieltro, vin\u00edlico y la mayor\u00eda de alfombras en instalaciones residenciales o comerciales ligeras. Su agarre en h\u00famedo es ideal para alfombras y permite alinear pisos de l\u00e1minas vin\u00edlicas sin desgarrar el reverso.<\/p>\n","protected":false},"featured_media":6312,"template":"","meta":[],"product_brand":[],"product_cat":[240],"product_tag":[],"class_list":{"0":"post-3698","1":"product","2":"type-product","3":"status-publish","4":"has-post-thumbnail","6":"product_cat-adhesivos-multiusos","8":"first","9":"instock","10":"shipping-taxable","11":"product-type-simple"},"_links":{"self":[{"href":"https:\/\/capitolflooringproducts.com\/es\/wp-json\/wp\/v2\/product\/3698","targetHints":{"allow":["GET"]}}],"collection":[{"href":"https:\/\/capitolflooringproducts.com\/es\/wp-json\/wp\/v2\/product"}],"about":[{"href":"https:\/\/capitolflooringproducts.com\/es\/wp-json\/wp\/v2\/types\/product"}],"wp:featuredmedia":[{"embeddable":true,"href":"https:\/\/capitolflooringproducts.com\/es\/wp-json\/wp\/v2\/media\/6312"}],"wp:attachment":[{"href":"https:\/\/capitolflooringproducts.com\/es\/wp-json\/wp\/v2\/media?parent=3698"}],"wp:term":[{"taxonomy":"product_brand","embeddable":true,"href":"https:\/\/capitolflooringproducts.com\/es\/wp-json\/wp\/v2\/product_brand?post=3698"},{"taxonomy":"product_cat","embeddable":true,"href":"https:\/\/capitolflooringproducts.com\/es\/wp-json\/wp\/v2\/product_cat?post=3698"},{"taxonomy":"product_tag","embeddable":true,"href":"https:\/\/capitolflooringproducts.com\/es\/wp-json\/wp\/v2\/product_tag?post=3698"}],"curies":[{"name":"wp","href":"https:\/\/api.w.org\/{rel}","templated":true}]}}