{"id":3690,"date":"2026-02-12T17:10:00","date_gmt":"2026-02-12T22:10:00","guid":{"rendered":"https:\/\/capitolflooringproducts.com\/?post_type=product&#038;p=3690"},"modified":"2026-02-13T12:47:10","modified_gmt":"2026-02-13T17:47:10","slug":"adhesivo-sensitivo-a-la-presion-ps100-balde-de-1-gal-378-l-ps100g","status":"publish","type":"product","link":"https:\/\/capitolflooringproducts.com\/es\/producto\/adhesivo-sensitivo-a-la-presion-ps100-balde-de-1-gal-378-l-ps100g\/","title":{"rendered":"Adhesivo sensitivo a la presi\u00f3n PS100, balde de 1\u00a0gal\/3.78\u00a0l"},"content":{"rendered":"","protected":false},"excerpt":{"rendered":"<p>El adhesivo sensitivo a la presi\u00f3n PS100 de Capitol<sup>\u00ae<\/sup> ofrece fiabilidad y versatilidad de aplicaci\u00f3n.  Puede utilizarse en la instalaci\u00f3n de alfombras modulares, acolchados de alfombras comerciales, l\u00e1minas vin\u00edlicas reforzadas con fibra de vidrio y losetas vin\u00edlicas s\u00f3lidas.<\/p>\n","protected":false},"featured_media":6279,"template":"","meta":[],"product_brand":[],"product_cat":[246],"product_tag":[],"class_list":{"0":"post-3690","1":"product","2":"type-product","3":"status-publish","4":"has-post-thumbnail","6":"product_cat-adhesivos-para-vinilicos","8":"first","9":"instock","10":"shipping-taxable","11":"product-type-simple"},"_links":{"self":[{"href":"https:\/\/capitolflooringproducts.com\/es\/wp-json\/wp\/v2\/product\/3690","targetHints":{"allow":["GET"]}}],"collection":[{"href":"https:\/\/capitolflooringproducts.com\/es\/wp-json\/wp\/v2\/product"}],"about":[{"href":"https:\/\/capitolflooringproducts.com\/es\/wp-json\/wp\/v2\/types\/product"}],"wp:featuredmedia":[{"embeddable":true,"href":"https:\/\/capitolflooringproducts.com\/es\/wp-json\/wp\/v2\/media\/6279"}],"wp:attachment":[{"href":"https:\/\/capitolflooringproducts.com\/es\/wp-json\/wp\/v2\/media?parent=3690"}],"wp:term":[{"taxonomy":"product_brand","embeddable":true,"href":"https:\/\/capitolflooringproducts.com\/es\/wp-json\/wp\/v2\/product_brand?post=3690"},{"taxonomy":"product_cat","embeddable":true,"href":"https:\/\/capitolflooringproducts.com\/es\/wp-json\/wp\/v2\/product_cat?post=3690"},{"taxonomy":"product_tag","embeddable":true,"href":"https:\/\/capitolflooringproducts.com\/es\/wp-json\/wp\/v2\/product_tag?post=3690"}],"curies":[{"name":"wp","href":"https:\/\/api.w.org\/{rel}","templated":true}]}}