{"id":3684,"date":"2026-02-12T17:10:00","date_gmt":"2026-02-12T22:10:00","guid":{"rendered":"https:\/\/capitolflooringproducts.com\/?post_type=product&#038;p=3684"},"modified":"2026-02-13T12:47:10","modified_gmt":"2026-02-13T17:47:10","slug":"estirador-de-rodilla-profesional-con-alto-perfil-para-alfombras-110300","status":"publish","type":"product","link":"https:\/\/capitolflooringproducts.com\/es\/producto\/estirador-de-rodilla-profesional-con-alto-perfil-para-alfombras-110300\/","title":{"rendered":"Estirador de rodilla profesional con alto perfil para alfombras"},"content":{"rendered":"","protected":false},"excerpt":{"rendered":"<p>El estirador de rodilla para alfombras profesional con alto perfil de Capitol<sup>\u00ae<\/sup> cuenta con una almohadilla extragruesa con coraza de gel y espuma y una manija a cuadros antideslizante. Su dise\u00f1o de alto perfil proporciona un espacio libre sobre los cabezales de los estiradores y el gatillo de liberaci\u00f3n que ajusta r\u00e1pidamente la longitud desde 17.9&#8243; (45.46\u00a0cm) a 20.9&#8243; (53.08\u00a0cm).<\/p>\n","protected":false},"featured_media":6264,"template":"","meta":[],"product_brand":[],"product_cat":[264],"product_tag":[],"class_list":{"0":"post-3684","1":"product","2":"type-product","3":"status-publish","4":"has-post-thumbnail","6":"product_cat-estiradores-de-rodilla-para-alfombra","8":"first","9":"instock","10":"shipping-taxable","11":"product-type-simple"},"_links":{"self":[{"href":"https:\/\/capitolflooringproducts.com\/es\/wp-json\/wp\/v2\/product\/3684","targetHints":{"allow":["GET"]}}],"collection":[{"href":"https:\/\/capitolflooringproducts.com\/es\/wp-json\/wp\/v2\/product"}],"about":[{"href":"https:\/\/capitolflooringproducts.com\/es\/wp-json\/wp\/v2\/types\/product"}],"wp:featuredmedia":[{"embeddable":true,"href":"https:\/\/capitolflooringproducts.com\/es\/wp-json\/wp\/v2\/media\/6264"}],"wp:attachment":[{"href":"https:\/\/capitolflooringproducts.com\/es\/wp-json\/wp\/v2\/media?parent=3684"}],"wp:term":[{"taxonomy":"product_brand","embeddable":true,"href":"https:\/\/capitolflooringproducts.com\/es\/wp-json\/wp\/v2\/product_brand?post=3684"},{"taxonomy":"product_cat","embeddable":true,"href":"https:\/\/capitolflooringproducts.com\/es\/wp-json\/wp\/v2\/product_cat?post=3684"},{"taxonomy":"product_tag","embeddable":true,"href":"https:\/\/capitolflooringproducts.com\/es\/wp-json\/wp\/v2\/product_tag?post=3684"}],"curies":[{"name":"wp","href":"https:\/\/api.w.org\/{rel}","templated":true}]}}