{"id":3678,"date":"2026-02-12T17:10:00","date_gmt":"2026-02-12T22:10:00","guid":{"rendered":"https:\/\/capitolflooringproducts.com\/?post_type=product&#038;p=3678"},"modified":"2026-02-13T12:47:10","modified_gmt":"2026-02-13T17:47:10","slug":"plancha-para-uniones-termoadhesivas-110400","status":"publish","type":"product","link":"https:\/\/capitolflooringproducts.com\/es\/producto\/plancha-para-uniones-termoadhesivas-110400\/","title":{"rendered":"Plancha para uniones termoadhesivas"},"content":{"rendered":"","protected":false},"excerpt":{"rendered":"<p>La plancha para uniones termoadhesivas de bajo perfil y optimizada de Capitol<sup>\u00ae<\/sup> proporciona una distribuci\u00f3n uniforme del calor para un derretido completo y facilita la uni\u00f3n de costuras de las alfombras. El termostato ajustable y la protecci\u00f3n contra el calor proporcionan un calentamiento ideal para adherir cintas termoadhesivas para alfombras, y a la vez protege la alfombra de temperaturas altas.<\/p>\n","protected":false},"featured_media":7889,"template":"","meta":[],"product_brand":[],"product_cat":[292],"product_tag":[],"class_list":{"0":"post-3678","1":"product","2":"type-product","3":"status-publish","4":"has-post-thumbnail","6":"product_cat-planchas","8":"first","9":"instock","10":"shipping-taxable","11":"product-type-simple"},"_links":{"self":[{"href":"https:\/\/capitolflooringproducts.com\/es\/wp-json\/wp\/v2\/product\/3678","targetHints":{"allow":["GET"]}}],"collection":[{"href":"https:\/\/capitolflooringproducts.com\/es\/wp-json\/wp\/v2\/product"}],"about":[{"href":"https:\/\/capitolflooringproducts.com\/es\/wp-json\/wp\/v2\/types\/product"}],"wp:featuredmedia":[{"embeddable":true,"href":"https:\/\/capitolflooringproducts.com\/es\/wp-json\/wp\/v2\/media\/7889"}],"wp:attachment":[{"href":"https:\/\/capitolflooringproducts.com\/es\/wp-json\/wp\/v2\/media?parent=3678"}],"wp:term":[{"taxonomy":"product_brand","embeddable":true,"href":"https:\/\/capitolflooringproducts.com\/es\/wp-json\/wp\/v2\/product_brand?post=3678"},{"taxonomy":"product_cat","embeddable":true,"href":"https:\/\/capitolflooringproducts.com\/es\/wp-json\/wp\/v2\/product_cat?post=3678"},{"taxonomy":"product_tag","embeddable":true,"href":"https:\/\/capitolflooringproducts.com\/es\/wp-json\/wp\/v2\/product_tag?post=3678"}],"curies":[{"name":"wp","href":"https:\/\/api.w.org\/{rel}","templated":true}]}}