{"id":3672,"date":"2026-02-12T17:10:00","date_gmt":"2026-02-12T22:10:00","guid":{"rendered":"https:\/\/capitolflooringproducts.com\/?post_type=product&#038;p=3672"},"modified":"2026-02-13T12:47:09","modified_gmt":"2026-02-13T17:47:09","slug":"tira-de-puas-mas-ancha-de-1-in-25-cm-para-concreto-120013","status":"publish","type":"product","link":"https:\/\/capitolflooringproducts.com\/es\/producto\/tira-de-puas-mas-ancha-de-1-in-25-cm-para-concreto-120013\/","title":{"rendered":"Tira de p\u00faas m\u00e1s ancha de 1&#8243; (2.5\u00a0cm) para concreto"},"content":{"rendered":"","protected":false},"excerpt":{"rendered":"<p>La tira de p\u00faas de 1&#8243; (2.5\u00a0cm) de Capitol<sup>\u00ae<\/sup> est\u00e1 hecha de materiales de 5\u00a0capas y sostiene de manera segura la alfombra en su lugar con los clavos preclavados de alto contenido de carbono. M\u00e1s ancha que las est\u00e1ndar de la industria 7\/8&#8243; (2.20\u00a0cm), esta tira de p\u00faas se ajusta con clavos para proporcionar un mejor agarre en los contrapisos de concreto. El borde biselado mantiene la alfombra ajustada entre la tira de p\u00faas y la pared, manteni\u00e9ndola en su lugar al estirarla con los estiradores de rodilla y los estiradores de potencia est\u00e1ndar.<\/p>\n","protected":false},"featured_media":6218,"template":"","meta":[],"product_brand":[],"product_cat":[286],"product_tag":[],"class_list":{"0":"post-3672","1":"product","2":"type-product","3":"status-publish","4":"has-post-thumbnail","6":"product_cat-tiras-de-puas","8":"first","9":"instock","10":"shipping-taxable","11":"product-type-simple"},"_links":{"self":[{"href":"https:\/\/capitolflooringproducts.com\/es\/wp-json\/wp\/v2\/product\/3672","targetHints":{"allow":["GET"]}}],"collection":[{"href":"https:\/\/capitolflooringproducts.com\/es\/wp-json\/wp\/v2\/product"}],"about":[{"href":"https:\/\/capitolflooringproducts.com\/es\/wp-json\/wp\/v2\/types\/product"}],"wp:featuredmedia":[{"embeddable":true,"href":"https:\/\/capitolflooringproducts.com\/es\/wp-json\/wp\/v2\/media\/6218"}],"wp:attachment":[{"href":"https:\/\/capitolflooringproducts.com\/es\/wp-json\/wp\/v2\/media?parent=3672"}],"wp:term":[{"taxonomy":"product_brand","embeddable":true,"href":"https:\/\/capitolflooringproducts.com\/es\/wp-json\/wp\/v2\/product_brand?post=3672"},{"taxonomy":"product_cat","embeddable":true,"href":"https:\/\/capitolflooringproducts.com\/es\/wp-json\/wp\/v2\/product_cat?post=3672"},{"taxonomy":"product_tag","embeddable":true,"href":"https:\/\/capitolflooringproducts.com\/es\/wp-json\/wp\/v2\/product_tag?post=3672"}],"curies":[{"name":"wp","href":"https:\/\/api.w.org\/{rel}","templated":true}]}}