{"id":3666,"date":"2026-02-12T17:10:00","date_gmt":"2026-02-12T22:10:00","guid":{"rendered":"https:\/\/capitolflooringproducts.com\/?post_type=product&#038;p=3666"},"modified":"2026-02-13T12:47:08","modified_gmt":"2026-02-13T17:47:08","slug":"cortador-universal-para-alfombras-110552","status":"publish","type":"product","link":"https:\/\/capitolflooringproducts.com\/es\/producto\/cortador-universal-para-alfombras-110552\/","title":{"rendered":"Cortador universal para alfombras"},"content":{"rendered":"","protected":false},"excerpt":{"rendered":"<p>El cortador universal para alfombras de Capitol<sup>\u00ae<\/sup> est\u00e1 dise\u00f1ado para cortes superiores e inferiores. Su construcci\u00f3n de una sola pieza hecha de nylon duradero le ofrece un enorme desempe\u00f1o y larga durabilidad, y el mecanismo de liberaci\u00f3n r\u00e1pida de la cuchilla permite hacer cambios r\u00e1pidos y f\u00e1ciles.<\/p>\n","protected":false},"featured_media":6203,"template":"","meta":[],"product_brand":[],"product_cat":[256],"product_tag":[],"class_list":{"0":"post-3666","1":"product","2":"type-product","3":"status-publish","4":"has-post-thumbnail","6":"product_cat-herramientas-de-corte","8":"first","9":"instock","10":"shipping-taxable","11":"product-type-simple"},"_links":{"self":[{"href":"https:\/\/capitolflooringproducts.com\/es\/wp-json\/wp\/v2\/product\/3666","targetHints":{"allow":["GET"]}}],"collection":[{"href":"https:\/\/capitolflooringproducts.com\/es\/wp-json\/wp\/v2\/product"}],"about":[{"href":"https:\/\/capitolflooringproducts.com\/es\/wp-json\/wp\/v2\/types\/product"}],"wp:featuredmedia":[{"embeddable":true,"href":"https:\/\/capitolflooringproducts.com\/es\/wp-json\/wp\/v2\/media\/6203"}],"wp:attachment":[{"href":"https:\/\/capitolflooringproducts.com\/es\/wp-json\/wp\/v2\/media?parent=3666"}],"wp:term":[{"taxonomy":"product_brand","embeddable":true,"href":"https:\/\/capitolflooringproducts.com\/es\/wp-json\/wp\/v2\/product_brand?post=3666"},{"taxonomy":"product_cat","embeddable":true,"href":"https:\/\/capitolflooringproducts.com\/es\/wp-json\/wp\/v2\/product_cat?post=3666"},{"taxonomy":"product_tag","embeddable":true,"href":"https:\/\/capitolflooringproducts.com\/es\/wp-json\/wp\/v2\/product_tag?post=3666"}],"curies":[{"name":"wp","href":"https:\/\/api.w.org\/{rel}","templated":true}]}}