{"id":3660,"date":"2026-02-12T17:10:00","date_gmt":"2026-02-12T22:10:00","guid":{"rendered":"https:\/\/capitolflooringproducts.com\/?post_type=product&#038;p=3660"},"modified":"2026-02-13T12:47:08","modified_gmt":"2026-02-13T17:47:08","slug":"raspador-de-calidad-industrial-para-piso-y-pared-110611","status":"publish","type":"product","link":"https:\/\/capitolflooringproducts.com\/es\/producto\/raspador-de-calidad-industrial-para-piso-y-pared-110611\/","title":{"rendered":"Raspador de calidad industrial para piso y pared"},"content":{"rendered":"","protected":false},"excerpt":{"rendered":"<p>El raspador de calidad industrial para pisos y paredes de Capitol<sup>\u00ae<\/sup> es la herramienta perfecta para renovar pisos y paredes, incluso para quitar papel de pared. Es una herramienta efectiva para raspar y remover adhesivo, pintura, mugre y otros residuos. Se caracteriza por su cuchilla de acero de 4&#8243; (10\u00a0cm) de ancho para un uso duradero, una manija extra larga de 14.75&#8243; (37.46\u00a0cm) para proporcionar un mejor acceso a las \u00e1reas dif\u00edciles de alcanzar y un agarre ergon\u00f3mico para un uso c\u00f3modo. Su dise\u00f1o innovador incluye un tornillo de ajuste con el pulgar para cambiar la cuchilla r\u00e1pidamente, un destornillador incorporado y un sistema de almacenaje para las cuchillas en la tapa.<\/p>\n","protected":false},"featured_media":6188,"template":"","meta":[],"product_brand":[],"product_cat":[280],"product_tag":[],"class_list":{"0":"post-3660","1":"product","2":"type-product","3":"status-publish","4":"has-post-thumbnail","6":"product_cat-raspadores","8":"first","9":"instock","10":"shipping-taxable","11":"product-type-simple"},"_links":{"self":[{"href":"https:\/\/capitolflooringproducts.com\/es\/wp-json\/wp\/v2\/product\/3660","targetHints":{"allow":["GET"]}}],"collection":[{"href":"https:\/\/capitolflooringproducts.com\/es\/wp-json\/wp\/v2\/product"}],"about":[{"href":"https:\/\/capitolflooringproducts.com\/es\/wp-json\/wp\/v2\/types\/product"}],"wp:featuredmedia":[{"embeddable":true,"href":"https:\/\/capitolflooringproducts.com\/es\/wp-json\/wp\/v2\/media\/6188"}],"wp:attachment":[{"href":"https:\/\/capitolflooringproducts.com\/es\/wp-json\/wp\/v2\/media?parent=3660"}],"wp:term":[{"taxonomy":"product_brand","embeddable":true,"href":"https:\/\/capitolflooringproducts.com\/es\/wp-json\/wp\/v2\/product_brand?post=3660"},{"taxonomy":"product_cat","embeddable":true,"href":"https:\/\/capitolflooringproducts.com\/es\/wp-json\/wp\/v2\/product_cat?post=3660"},{"taxonomy":"product_tag","embeddable":true,"href":"https:\/\/capitolflooringproducts.com\/es\/wp-json\/wp\/v2\/product_tag?post=3660"}],"curies":[{"name":"wp","href":"https:\/\/api.w.org\/{rel}","templated":true}]}}