{"id":3654,"date":"2026-02-12T17:10:00","date_gmt":"2026-02-12T22:10:00","guid":{"rendered":"https:\/\/capitolflooringproducts.com\/?post_type=product&#038;p=3654"},"modified":"2026-02-13T12:47:08","modified_gmt":"2026-02-13T17:47:08","slug":"cinta-de-doble-faz-sensible-a-la-presion-142015","status":"publish","type":"product","link":"https:\/\/capitolflooringproducts.com\/es\/producto\/cinta-de-doble-faz-sensible-a-la-presion-142015\/","title":{"rendered":"Cinta de doble faz sensible a la presi\u00f3n"},"content":{"rendered":"","protected":false},"excerpt":{"rendered":"<p>La cinta de doble faz sensible a la presi\u00f3n de Capitol<sup>\u00ae<\/sup> se caracteriza por su adhesivo poderoso que crea una uni\u00f3n fuerte entre el respaldo de la alfombra y la superficie del piso.  Esta cinta no requiere de calor ni del uso de una plancha para uniones termoadhesivas y ensucia menos que los adhesivos est\u00e1ndares para uniones termoadhesivas. Su sencillo m\u00e9todo de pelar, pegar y presionar permite unir alfombras de manera m\u00e1s r\u00e1pida y reduce el tiempo de la\u00a0instalaci\u00f3n. Podr\u00e1 usarla para reparaciones temporales de alfombras tanto en los entornos interiores como en los exteriores.<\/p>\n","protected":false},"featured_media":6173,"template":"","meta":[],"product_brand":[],"product_cat":[294],"product_tag":[],"class_list":{"0":"post-3654","1":"product","2":"type-product","3":"status-publish","4":"has-post-thumbnail","6":"product_cat-cintas-para-uniones","8":"first","9":"instock","10":"shipping-taxable","11":"product-type-simple"},"_links":{"self":[{"href":"https:\/\/capitolflooringproducts.com\/es\/wp-json\/wp\/v2\/product\/3654","targetHints":{"allow":["GET"]}}],"collection":[{"href":"https:\/\/capitolflooringproducts.com\/es\/wp-json\/wp\/v2\/product"}],"about":[{"href":"https:\/\/capitolflooringproducts.com\/es\/wp-json\/wp\/v2\/types\/product"}],"wp:featuredmedia":[{"embeddable":true,"href":"https:\/\/capitolflooringproducts.com\/es\/wp-json\/wp\/v2\/media\/6173"}],"wp:attachment":[{"href":"https:\/\/capitolflooringproducts.com\/es\/wp-json\/wp\/v2\/media?parent=3654"}],"wp:term":[{"taxonomy":"product_brand","embeddable":true,"href":"https:\/\/capitolflooringproducts.com\/es\/wp-json\/wp\/v2\/product_brand?post=3654"},{"taxonomy":"product_cat","embeddable":true,"href":"https:\/\/capitolflooringproducts.com\/es\/wp-json\/wp\/v2\/product_cat?post=3654"},{"taxonomy":"product_tag","embeddable":true,"href":"https:\/\/capitolflooringproducts.com\/es\/wp-json\/wp\/v2\/product_tag?post=3654"}],"curies":[{"name":"wp","href":"https:\/\/api.w.org\/{rel}","templated":true}]}}