{"id":3648,"date":"2026-02-12T17:10:00","date_gmt":"2026-02-12T22:10:00","guid":{"rendered":"https:\/\/capitolflooringproducts.com\/?post_type=product&#038;p=3648"},"modified":"2026-02-13T12:47:08","modified_gmt":"2026-02-13T17:47:08","slug":"cuchillo-3-en-1-para-alfombras-losetas-vinilicas-de-lujo-lvt-y-multiusos-110700","status":"publish","type":"product","link":"https:\/\/capitolflooringproducts.com\/es\/producto\/cuchillo-3-en-1-para-alfombras-losetas-vinilicas-de-lujo-lvt-y-multiusos-110700\/","title":{"rendered":"Cuchillo 3 en 1 para alfombras, losetas vin\u00edlicas de lujo (LVT) y multiusos"},"content":{"rendered":"","protected":false},"excerpt":{"rendered":"<p>El cuchillo 3 en 1 para usar en alfombras, losetas vin\u00edlicas de lujo (LVT) y multiusos es el m\u00e1s elegido por su versatilidad. Con un cambio r\u00e1pido de la cuchilla, se puede utilizar para instalar alfombras, losetas o plafones vin\u00edlicos de lujo (LVT\/LVP) o como cuchillo multiusos para cortar cuerda y cart\u00f3n. Se caracteriza por el inserto incorporado con 3\u00a0opciones de posicionamiento seg\u00fan el tipo de cuchilla y de corte. La posici\u00f3n\u00a01 ajusta el inserto met\u00e1lico para usar con una cuchilla para cortar alfombras. Si le da la vuelta al inserto met\u00e1lico, se puede utilizar con una cuchilla de utilidad. La posici\u00f3n\u00a02 se utiliza para aplicaciones con losetas o plafones vin\u00edlicos de lujo (LVT\/LVP) y la posici\u00f3n\u00a03 permite el uso como cuchillo multiusos. El c\u00f3modo agarre moldeado y la sujeci\u00f3n de me\u00f1ique aumentan el apalancamiento y la fuerza de tracci\u00f3n. Tiene un almacenamiento incorporado para las cuchillas en la manija para mayor conveniencia.<\/p>\n","protected":false},"featured_media":6158,"template":"","meta":[],"product_brand":[],"product_cat":[270],"product_tag":[],"class_list":{"0":"post-3648","1":"product","2":"type-product","3":"status-publish","4":"has-post-thumbnail","6":"product_cat-cuchillos","8":"first","9":"instock","10":"shipping-taxable","11":"product-type-simple"},"_links":{"self":[{"href":"https:\/\/capitolflooringproducts.com\/es\/wp-json\/wp\/v2\/product\/3648","targetHints":{"allow":["GET"]}}],"collection":[{"href":"https:\/\/capitolflooringproducts.com\/es\/wp-json\/wp\/v2\/product"}],"about":[{"href":"https:\/\/capitolflooringproducts.com\/es\/wp-json\/wp\/v2\/types\/product"}],"wp:featuredmedia":[{"embeddable":true,"href":"https:\/\/capitolflooringproducts.com\/es\/wp-json\/wp\/v2\/media\/6158"}],"wp:attachment":[{"href":"https:\/\/capitolflooringproducts.com\/es\/wp-json\/wp\/v2\/media?parent=3648"}],"wp:term":[{"taxonomy":"product_brand","embeddable":true,"href":"https:\/\/capitolflooringproducts.com\/es\/wp-json\/wp\/v2\/product_brand?post=3648"},{"taxonomy":"product_cat","embeddable":true,"href":"https:\/\/capitolflooringproducts.com\/es\/wp-json\/wp\/v2\/product_cat?post=3648"},{"taxonomy":"product_tag","embeddable":true,"href":"https:\/\/capitolflooringproducts.com\/es\/wp-json\/wp\/v2\/product_tag?post=3648"}],"curies":[{"name":"wp","href":"https:\/\/api.w.org\/{rel}","templated":true}]}}