{"id":3642,"date":"2026-02-12T17:10:00","date_gmt":"2026-02-12T22:10:00","guid":{"rendered":"https:\/\/capitolflooringproducts.com\/?post_type=product&#038;p=3642"},"modified":"2026-02-13T12:47:08","modified_gmt":"2026-02-13T17:47:08","slug":"rodillo-con-rueda-estrella-para-uniones-de-alfombras-de-bucle-110801","status":"publish","type":"product","link":"https:\/\/capitolflooringproducts.com\/es\/producto\/rodillo-con-rueda-estrella-para-uniones-de-alfombras-de-bucle-110801\/","title":{"rendered":"Rodillo con rueda estrella para uniones de alfombras de bucle"},"content":{"rendered":"","protected":false},"excerpt":{"rendered":"<p>El rodillo con rueda estrella para alfombras de bucle de Capitol<sup>\u00ae<\/sup> est\u00e1 dise\u00f1ado espec\u00edficamente para las uniones de alfombras de bucle y Berber. Se caracteriza por su rueda estrella para maximizar la transferencia de la cinta termoadhesiva hacia la alfombra y para producir uniones m\u00e1s fuertes. Tiene una manija m\u00e1s larga y un agarre extensible en la parte superior del marco de acero corrugado, para proporcionar un apalancamiento \u00f3ptimo y mayor durabilidad. N\u00famero de la patente en los EE. UU.: D-1.082.193.<\/p>\n","protected":false},"featured_media":6127,"template":"","meta":[],"product_brand":[],"product_cat":[274],"product_tag":[],"class_list":{"0":"post-3642","1":"product","2":"type-product","3":"status-publish","4":"has-post-thumbnail","6":"product_cat-rodillos","8":"first","9":"instock","10":"shipping-taxable","11":"product-type-simple"},"_links":{"self":[{"href":"https:\/\/capitolflooringproducts.com\/es\/wp-json\/wp\/v2\/product\/3642","targetHints":{"allow":["GET"]}}],"collection":[{"href":"https:\/\/capitolflooringproducts.com\/es\/wp-json\/wp\/v2\/product"}],"about":[{"href":"https:\/\/capitolflooringproducts.com\/es\/wp-json\/wp\/v2\/types\/product"}],"wp:featuredmedia":[{"embeddable":true,"href":"https:\/\/capitolflooringproducts.com\/es\/wp-json\/wp\/v2\/media\/6127"}],"wp:attachment":[{"href":"https:\/\/capitolflooringproducts.com\/es\/wp-json\/wp\/v2\/media?parent=3642"}],"wp:term":[{"taxonomy":"product_brand","embeddable":true,"href":"https:\/\/capitolflooringproducts.com\/es\/wp-json\/wp\/v2\/product_brand?post=3642"},{"taxonomy":"product_cat","embeddable":true,"href":"https:\/\/capitolflooringproducts.com\/es\/wp-json\/wp\/v2\/product_cat?post=3642"},{"taxonomy":"product_tag","embeddable":true,"href":"https:\/\/capitolflooringproducts.com\/es\/wp-json\/wp\/v2\/product_tag?post=3642"}],"curies":[{"name":"wp","href":"https:\/\/api.w.org\/{rel}","templated":true}]}}