{"id":3631,"date":"2026-02-12T17:10:00","date_gmt":"2026-02-12T22:10:00","guid":{"rendered":"https:\/\/capitolflooringproducts.com\/?post_type=product&#038;p=3631"},"modified":"2026-02-13T12:47:07","modified_gmt":"2026-02-13T17:47:07","slug":"cuchillo-angulado-para-acolchados-de-alfombra-y-contrapisos-110703","status":"publish","type":"product","link":"https:\/\/capitolflooringproducts.com\/es\/producto\/cuchillo-angulado-para-acolchados-de-alfombra-y-contrapisos-110703\/","title":{"rendered":"Cuchillo angulado para acolchados de alfombra y contrapisos"},"content":{"rendered":"","protected":false},"excerpt":{"rendered":"<p>El cuchillo angulado para acolchados de alfombra y contrapisos de Capitol<sup>\u00ae<\/sup> est\u00e1 dise\u00f1ado con una cuchilla en \u00e1ngulo a 10\u00ba, por lo que proporciona cortes m\u00e1s limpios y es ideal para la instalaci\u00f3n de acolchado para alfombra y contrapisos. Su dise\u00f1o incluye un tornillo de ajuste con el pulgar para cambiar la cuchilla r\u00e1pidamente sin la necesidad de herramientas, logrando as\u00ed una mayor conveniencia.<\/p>\n","protected":false},"featured_media":6100,"template":"","meta":[],"product_brand":[],"product_cat":[270],"product_tag":[],"class_list":{"0":"post-3631","1":"product","2":"type-product","3":"status-publish","4":"has-post-thumbnail","6":"product_cat-cuchillos","8":"first","9":"instock","10":"shipping-taxable","11":"product-type-simple"},"_links":{"self":[{"href":"https:\/\/capitolflooringproducts.com\/es\/wp-json\/wp\/v2\/product\/3631","targetHints":{"allow":["GET"]}}],"collection":[{"href":"https:\/\/capitolflooringproducts.com\/es\/wp-json\/wp\/v2\/product"}],"about":[{"href":"https:\/\/capitolflooringproducts.com\/es\/wp-json\/wp\/v2\/types\/product"}],"wp:featuredmedia":[{"embeddable":true,"href":"https:\/\/capitolflooringproducts.com\/es\/wp-json\/wp\/v2\/media\/6100"}],"wp:attachment":[{"href":"https:\/\/capitolflooringproducts.com\/es\/wp-json\/wp\/v2\/media?parent=3631"}],"wp:term":[{"taxonomy":"product_brand","embeddable":true,"href":"https:\/\/capitolflooringproducts.com\/es\/wp-json\/wp\/v2\/product_brand?post=3631"},{"taxonomy":"product_cat","embeddable":true,"href":"https:\/\/capitolflooringproducts.com\/es\/wp-json\/wp\/v2\/product_cat?post=3631"},{"taxonomy":"product_tag","embeddable":true,"href":"https:\/\/capitolflooringproducts.com\/es\/wp-json\/wp\/v2\/product_tag?post=3631"}],"curies":[{"name":"wp","href":"https:\/\/api.w.org\/{rel}","templated":true}]}}