{"id":3619,"date":"2026-02-12T17:10:00","date_gmt":"2026-02-12T22:10:00","guid":{"rendered":"https:\/\/capitolflooringproducts.com\/?post_type=product&#038;p=3619"},"modified":"2026-02-13T12:47:06","modified_gmt":"2026-02-13T17:47:06","slug":"tira-de-puas-de-doble-proposito-con-dorso-para-pelar-y-pegar-120014","status":"publish","type":"product","link":"https:\/\/capitolflooringproducts.com\/es\/producto\/tira-de-puas-de-doble-proposito-con-dorso-para-pelar-y-pegar-120014\/","title":{"rendered":"Tira de p\u00faas de doble prop\u00f3sito con dorso para pelar y pegar"},"content":{"rendered":"","protected":false},"excerpt":{"rendered":"<p>La tira de p\u00faa de doble prop\u00f3sito con dorso para pelar y pegar de\u00a07\/8&#8243; (2.20\u00a0cm) tiene un adhesivo fuerte en la parte de atr\u00e1s para sostener firmemente la tira en el subsuelo. Dise\u00f1ada para hacer la instalaci\u00f3n de alfombras m\u00e1s r\u00e1pida y f\u00e1cil, est\u00e1 tira de p\u00faas agarra la alfombra instant\u00e1neamente, permitiendo estirarla y puede soportar la fuerza del estiramiento con estiradores de potencia.<\/p>\n","protected":false},"featured_media":6085,"template":"","meta":[],"product_brand":[],"product_cat":[286],"product_tag":[],"class_list":{"0":"post-3619","1":"product","2":"type-product","3":"status-publish","4":"has-post-thumbnail","6":"product_cat-tiras-de-puas","8":"first","9":"instock","10":"shipping-taxable","11":"product-type-simple"},"_links":{"self":[{"href":"https:\/\/capitolflooringproducts.com\/es\/wp-json\/wp\/v2\/product\/3619","targetHints":{"allow":["GET"]}}],"collection":[{"href":"https:\/\/capitolflooringproducts.com\/es\/wp-json\/wp\/v2\/product"}],"about":[{"href":"https:\/\/capitolflooringproducts.com\/es\/wp-json\/wp\/v2\/types\/product"}],"wp:featuredmedia":[{"embeddable":true,"href":"https:\/\/capitolflooringproducts.com\/es\/wp-json\/wp\/v2\/media\/6085"}],"wp:attachment":[{"href":"https:\/\/capitolflooringproducts.com\/es\/wp-json\/wp\/v2\/media?parent=3619"}],"wp:term":[{"taxonomy":"product_brand","embeddable":true,"href":"https:\/\/capitolflooringproducts.com\/es\/wp-json\/wp\/v2\/product_brand?post=3619"},{"taxonomy":"product_cat","embeddable":true,"href":"https:\/\/capitolflooringproducts.com\/es\/wp-json\/wp\/v2\/product_cat?post=3619"},{"taxonomy":"product_tag","embeddable":true,"href":"https:\/\/capitolflooringproducts.com\/es\/wp-json\/wp\/v2\/product_tag?post=3619"}],"curies":[{"name":"wp","href":"https:\/\/api.w.org\/{rel}","templated":true}]}}