{"id":3613,"date":"2026-02-12T17:10:00","date_gmt":"2026-02-12T22:10:00","guid":{"rendered":"https:\/\/capitolflooringproducts.com\/?post_type=product&#038;p=3613"},"modified":"2026-02-13T12:47:06","modified_gmt":"2026-02-13T17:47:06","slug":"cinta-termoadhesiva-para-uniones-ultra-loc-142014","status":"publish","type":"product","link":"https:\/\/capitolflooringproducts.com\/es\/producto\/cinta-termoadhesiva-para-uniones-ultra-loc-142014\/","title":{"rendered":"Cinta termoadhesiva para uniones Ultra-Loc"},"content":{"rendered":"","protected":false},"excerpt":{"rendered":"<p>La cinta termoadhesiva para alfombras Ultra-Loc de 4&#8243; (10\u00a0cm) de Capitol<sup>\u00ae<\/sup> cuenta con 11\u00a0bolitas de adhesivo termoadhesivo de alto rendimiento. Es la preferencia del instalador profesional para la instalaci\u00f3n de cualquier tipo de alfombra en cualquier condici\u00f3n de tr\u00e1nsito.<\/p>\n","protected":false},"featured_media":6070,"template":"","meta":[],"product_brand":[],"product_cat":[290],"product_tag":[],"class_list":{"0":"post-3613","1":"product","2":"type-product","3":"status-publish","4":"has-post-thumbnail","6":"product_cat-cintas-termoadhesivas","8":"first","9":"instock","10":"shipping-taxable","11":"product-type-simple"},"_links":{"self":[{"href":"https:\/\/capitolflooringproducts.com\/es\/wp-json\/wp\/v2\/product\/3613","targetHints":{"allow":["GET"]}}],"collection":[{"href":"https:\/\/capitolflooringproducts.com\/es\/wp-json\/wp\/v2\/product"}],"about":[{"href":"https:\/\/capitolflooringproducts.com\/es\/wp-json\/wp\/v2\/types\/product"}],"wp:featuredmedia":[{"embeddable":true,"href":"https:\/\/capitolflooringproducts.com\/es\/wp-json\/wp\/v2\/media\/6070"}],"wp:attachment":[{"href":"https:\/\/capitolflooringproducts.com\/es\/wp-json\/wp\/v2\/media?parent=3613"}],"wp:term":[{"taxonomy":"product_brand","embeddable":true,"href":"https:\/\/capitolflooringproducts.com\/es\/wp-json\/wp\/v2\/product_brand?post=3613"},{"taxonomy":"product_cat","embeddable":true,"href":"https:\/\/capitolflooringproducts.com\/es\/wp-json\/wp\/v2\/product_cat?post=3613"},{"taxonomy":"product_tag","embeddable":true,"href":"https:\/\/capitolflooringproducts.com\/es\/wp-json\/wp\/v2\/product_tag?post=3613"}],"curies":[{"name":"wp","href":"https:\/\/api.w.org\/{rel}","templated":true}]}}