{"id":3607,"date":"2026-02-12T17:10:00","date_gmt":"2026-02-12T22:10:00","guid":{"rendered":"https:\/\/capitolflooringproducts.com\/?post_type=product&#038;p=3607"},"modified":"2026-02-13T12:47:06","modified_gmt":"2026-02-13T17:47:06","slug":"rodilleras-profesionales-para-colocacion-de-pisos-con-correas-comodas-que-no-pellizcan-la-piel-110100","status":"publish","type":"product","link":"https:\/\/capitolflooringproducts.com\/es\/producto\/rodilleras-profesionales-para-colocacion-de-pisos-con-correas-comodas-que-no-pellizcan-la-piel-110100\/","title":{"rendered":"Rodilleras profesionales para colocaci\u00f3n de pisos con correas c\u00f3modas que no pellizcan la piel"},"content":{"rendered":"","protected":false},"excerpt":{"rendered":"<p>Dise\u00f1adas para instaladores, las rodilleras profesionales Capitol para la colocaci\u00f3n de pisos proporcionan una amortiguaci\u00f3n, protecci\u00f3n y apoyo superiores a las rodillas. Estas rodilleras cuentan con correas de neopreno suaves y anchas de primera calidad que no pellizcan la piel y las mantienen en su sitio, y una correa superior acolchada dise\u00f1ada espec\u00edficamente para usar cuando se dan golpes con las rodillas.<\/p>\n","protected":false},"featured_media":8223,"template":"","meta":[],"product_brand":[],"product_cat":[266],"product_tag":[],"class_list":{"0":"post-3607","1":"product","2":"type-product","3":"status-publish","4":"has-post-thumbnail","6":"product_cat-rodilleras","8":"first","9":"instock","10":"shipping-taxable","11":"product-type-simple"},"_links":{"self":[{"href":"https:\/\/capitolflooringproducts.com\/es\/wp-json\/wp\/v2\/product\/3607","targetHints":{"allow":["GET"]}}],"collection":[{"href":"https:\/\/capitolflooringproducts.com\/es\/wp-json\/wp\/v2\/product"}],"about":[{"href":"https:\/\/capitolflooringproducts.com\/es\/wp-json\/wp\/v2\/types\/product"}],"wp:featuredmedia":[{"embeddable":true,"href":"https:\/\/capitolflooringproducts.com\/es\/wp-json\/wp\/v2\/media\/8223"}],"wp:attachment":[{"href":"https:\/\/capitolflooringproducts.com\/es\/wp-json\/wp\/v2\/media?parent=3607"}],"wp:term":[{"taxonomy":"product_brand","embeddable":true,"href":"https:\/\/capitolflooringproducts.com\/es\/wp-json\/wp\/v2\/product_brand?post=3607"},{"taxonomy":"product_cat","embeddable":true,"href":"https:\/\/capitolflooringproducts.com\/es\/wp-json\/wp\/v2\/product_cat?post=3607"},{"taxonomy":"product_tag","embeddable":true,"href":"https:\/\/capitolflooringproducts.com\/es\/wp-json\/wp\/v2\/product_tag?post=3607"}],"curies":[{"name":"wp","href":"https:\/\/api.w.org\/{rel}","templated":true}]}}