{"id":3595,"date":"2026-02-12T17:10:00","date_gmt":"2026-02-12T22:10:00","guid":{"rendered":"https:\/\/capitolflooringproducts.com\/?post_type=product&#038;p=3595"},"modified":"2026-02-13T12:47:05","modified_gmt":"2026-02-13T17:47:05","slug":"cortador-profesional-para-alfombras-de-bucle-110550","status":"publish","type":"product","link":"https:\/\/capitolflooringproducts.com\/es\/producto\/cortador-profesional-para-alfombras-de-bucle-110550\/","title":{"rendered":"Cortador profesional para alfombras de bucle"},"content":{"rendered":"","protected":false},"excerpt":{"rendered":"<p>El cortador profesional para alfombras de bucle de Capitol<sup>\u00ae<\/sup> est\u00e1 dise\u00f1ado para cortar alfombras de bucle de cualquier grosor y recortar alfombras con facilidad y precisi\u00f3n. El dise\u00f1o de dos\u00a0cuchillas permite cortar con la mano derecha o la izquierda, mientras que el mango ergon\u00f3mico mejora la comodidad y el control.<\/p>\n","protected":false},"featured_media":6010,"template":"","meta":[],"product_brand":[],"product_cat":[256],"product_tag":[],"class_list":{"0":"post-3595","1":"product","2":"type-product","3":"status-publish","4":"has-post-thumbnail","6":"product_cat-herramientas-de-corte","8":"first","9":"instock","10":"shipping-taxable","11":"product-type-simple"},"_links":{"self":[{"href":"https:\/\/capitolflooringproducts.com\/es\/wp-json\/wp\/v2\/product\/3595","targetHints":{"allow":["GET"]}}],"collection":[{"href":"https:\/\/capitolflooringproducts.com\/es\/wp-json\/wp\/v2\/product"}],"about":[{"href":"https:\/\/capitolflooringproducts.com\/es\/wp-json\/wp\/v2\/types\/product"}],"wp:featuredmedia":[{"embeddable":true,"href":"https:\/\/capitolflooringproducts.com\/es\/wp-json\/wp\/v2\/media\/6010"}],"wp:attachment":[{"href":"https:\/\/capitolflooringproducts.com\/es\/wp-json\/wp\/v2\/media?parent=3595"}],"wp:term":[{"taxonomy":"product_brand","embeddable":true,"href":"https:\/\/capitolflooringproducts.com\/es\/wp-json\/wp\/v2\/product_brand?post=3595"},{"taxonomy":"product_cat","embeddable":true,"href":"https:\/\/capitolflooringproducts.com\/es\/wp-json\/wp\/v2\/product_cat?post=3595"},{"taxonomy":"product_tag","embeddable":true,"href":"https:\/\/capitolflooringproducts.com\/es\/wp-json\/wp\/v2\/product_tag?post=3595"}],"curies":[{"name":"wp","href":"https:\/\/api.w.org\/{rel}","templated":true}]}}