{"id":3589,"date":"2026-02-12T17:10:00","date_gmt":"2026-02-12T22:10:00","guid":{"rendered":"https:\/\/capitolflooringproducts.com\/?post_type=product&#038;p=3589"},"modified":"2026-02-13T12:47:05","modified_gmt":"2026-02-13T17:47:05","slug":"tira-de-puas-de-doble-proposito-para-madera-y-concreto-120011","status":"publish","type":"product","link":"https:\/\/capitolflooringproducts.com\/es\/producto\/tira-de-puas-de-doble-proposito-para-madera-y-concreto-120011\/","title":{"rendered":"Tira de p\u00faas de doble prop\u00f3sito para madera y concreto"},"content":{"rendered":"","protected":false},"excerpt":{"rendered":"<p>La tira de p\u00faas de 7\/8&#8243; (2.20\u00a0cm) de doble prop\u00f3sito de Capitol<sup>\u00ae<\/sup> est\u00e1 hecha con materiales de 5\u00a0capas y sostiene de manera segura la alfombra en su lugar con los clavos con alto contenido de carbono preclavados. Los clavos est\u00e1n en \u00e1ngulo para mejorar el agarre y para ayudar asegurar la alfombra despu\u00e9s de estirarla. El borde biselado mantiene la alfombra ajustada entre la tira de p\u00faas y la pared y la mantiene en su lugar al estirarla con los estiradores de rodilla o los estiradores de potencia est\u00e1ndar.<\/p>\n","protected":false},"featured_media":5980,"template":"","meta":[],"product_brand":[],"product_cat":[286],"product_tag":[],"class_list":{"0":"post-3589","1":"product","2":"type-product","3":"status-publish","4":"has-post-thumbnail","6":"product_cat-tiras-de-puas","8":"first","9":"instock","10":"shipping-taxable","11":"product-type-simple"},"_links":{"self":[{"href":"https:\/\/capitolflooringproducts.com\/es\/wp-json\/wp\/v2\/product\/3589","targetHints":{"allow":["GET"]}}],"collection":[{"href":"https:\/\/capitolflooringproducts.com\/es\/wp-json\/wp\/v2\/product"}],"about":[{"href":"https:\/\/capitolflooringproducts.com\/es\/wp-json\/wp\/v2\/types\/product"}],"wp:featuredmedia":[{"embeddable":true,"href":"https:\/\/capitolflooringproducts.com\/es\/wp-json\/wp\/v2\/media\/5980"}],"wp:attachment":[{"href":"https:\/\/capitolflooringproducts.com\/es\/wp-json\/wp\/v2\/media?parent=3589"}],"wp:term":[{"taxonomy":"product_brand","embeddable":true,"href":"https:\/\/capitolflooringproducts.com\/es\/wp-json\/wp\/v2\/product_brand?post=3589"},{"taxonomy":"product_cat","embeddable":true,"href":"https:\/\/capitolflooringproducts.com\/es\/wp-json\/wp\/v2\/product_cat?post=3589"},{"taxonomy":"product_tag","embeddable":true,"href":"https:\/\/capitolflooringproducts.com\/es\/wp-json\/wp\/v2\/product_tag?post=3589"}],"curies":[{"name":"wp","href":"https:\/\/api.w.org\/{rel}","templated":true}]}}