{"id":3587,"date":"2026-02-12T17:10:00","date_gmt":"2026-02-12T22:10:00","guid":{"rendered":"https:\/\/capitolflooringproducts.com\/?post_type=product&#038;p=3587"},"modified":"2026-02-13T12:47:05","modified_gmt":"2026-02-13T17:47:05","slug":"adhesivo-sensible-a-la-presion-ps100-balde-de-4-gal-1514-l-ps100-4","status":"publish","type":"product","link":"https:\/\/capitolflooringproducts.com\/es\/producto\/adhesivo-sensible-a-la-presion-ps100-balde-de-4-gal-1514-l-ps100-4\/","title":{"rendered":"Adhesivo sensible a la presi\u00f3n PS100, balde de 4\u00a0gal\/15.14\u00a0l"},"content":{"rendered":"","protected":false},"excerpt":{"rendered":"<p>El adhesivo sensitivo a la presi\u00f3n PS100 de Capitol<sup>\u00ae<\/sup> ofrece fiabilidad y versatilidad de aplicaci\u00f3n.  Puede utilizarse en la instalaci\u00f3n de alfombras modulares, acolchados de alfombras comerciales, l\u00e1minas vin\u00edlicas reforzadas con fibra de vidrio y losetas vin\u00edlicas s\u00f3lidas.<\/p>\n","protected":false},"featured_media":7500,"template":"","meta":[],"product_brand":[],"product_cat":[246],"product_tag":[],"class_list":{"0":"post-3587","1":"product","2":"type-product","3":"status-publish","4":"has-post-thumbnail","6":"product_cat-adhesivos-para-vinilicos","8":"first","9":"instock","10":"shipping-taxable","11":"product-type-simple"},"_links":{"self":[{"href":"https:\/\/capitolflooringproducts.com\/es\/wp-json\/wp\/v2\/product\/3587","targetHints":{"allow":["GET"]}}],"collection":[{"href":"https:\/\/capitolflooringproducts.com\/es\/wp-json\/wp\/v2\/product"}],"about":[{"href":"https:\/\/capitolflooringproducts.com\/es\/wp-json\/wp\/v2\/types\/product"}],"wp:featuredmedia":[{"embeddable":true,"href":"https:\/\/capitolflooringproducts.com\/es\/wp-json\/wp\/v2\/media\/7500"}],"wp:attachment":[{"href":"https:\/\/capitolflooringproducts.com\/es\/wp-json\/wp\/v2\/media?parent=3587"}],"wp:term":[{"taxonomy":"product_brand","embeddable":true,"href":"https:\/\/capitolflooringproducts.com\/es\/wp-json\/wp\/v2\/product_brand?post=3587"},{"taxonomy":"product_cat","embeddable":true,"href":"https:\/\/capitolflooringproducts.com\/es\/wp-json\/wp\/v2\/product_cat?post=3587"},{"taxonomy":"product_tag","embeddable":true,"href":"https:\/\/capitolflooringproducts.com\/es\/wp-json\/wp\/v2\/product_tag?post=3587"}],"curies":[{"name":"wp","href":"https:\/\/api.w.org\/{rel}","templated":true}]}}