{"id":3581,"date":"2026-02-12T17:10:00","date_gmt":"2026-02-12T22:10:00","guid":{"rendered":"https:\/\/capitolflooringproducts.com\/?post_type=product&#038;p=3581"},"modified":"2026-02-13T12:47:05","modified_gmt":"2026-02-13T17:47:05","slug":"rodillo-liso-para-uniones-de-alfombras-de-pelo-corto-110802","status":"publish","type":"product","link":"https:\/\/capitolflooringproducts.com\/es\/producto\/rodillo-liso-para-uniones-de-alfombras-de-pelo-corto-110802\/","title":{"rendered":"Rodillo liso para uniones de alfombras de pelo corto"},"content":{"rendered":"","protected":false},"excerpt":{"rendered":"<p>El rodillo liso para uniones de alfombras de pelo corto de Capitol<sup>\u00ae<\/sup> est\u00e1 dise\u00f1ado para unir alfombras de pelo corto, y es ideal para unir alfombras de Sajonia as\u00ed como pisos vin\u00edlicos. El cabezal de nylon suave de este rodillo alisa la alfombra sin deshilachar los extremos del hilo, lo que permite uniones que mantienen las almohadillas juntas entre s\u00ed, sin huecos ni superposiciones, y ofrece un aspecto profesional y acabado.  N\u00famero de la patente en los EE. UU.: D-1.082.193.<\/p>\n","protected":false},"featured_media":5962,"template":"","meta":[],"product_brand":[],"product_cat":[274],"product_tag":[],"class_list":{"0":"post-3581","1":"product","2":"type-product","3":"status-publish","4":"has-post-thumbnail","6":"product_cat-rodillos","8":"first","9":"instock","10":"shipping-taxable","11":"product-type-simple"},"_links":{"self":[{"href":"https:\/\/capitolflooringproducts.com\/es\/wp-json\/wp\/v2\/product\/3581","targetHints":{"allow":["GET"]}}],"collection":[{"href":"https:\/\/capitolflooringproducts.com\/es\/wp-json\/wp\/v2\/product"}],"about":[{"href":"https:\/\/capitolflooringproducts.com\/es\/wp-json\/wp\/v2\/types\/product"}],"wp:featuredmedia":[{"embeddable":true,"href":"https:\/\/capitolflooringproducts.com\/es\/wp-json\/wp\/v2\/media\/5962"}],"wp:attachment":[{"href":"https:\/\/capitolflooringproducts.com\/es\/wp-json\/wp\/v2\/media?parent=3581"}],"wp:term":[{"taxonomy":"product_brand","embeddable":true,"href":"https:\/\/capitolflooringproducts.com\/es\/wp-json\/wp\/v2\/product_brand?post=3581"},{"taxonomy":"product_cat","embeddable":true,"href":"https:\/\/capitolflooringproducts.com\/es\/wp-json\/wp\/v2\/product_cat?post=3581"},{"taxonomy":"product_tag","embeddable":true,"href":"https:\/\/capitolflooringproducts.com\/es\/wp-json\/wp\/v2\/product_tag?post=3581"}],"curies":[{"name":"wp","href":"https:\/\/api.w.org\/{rel}","templated":true}]}}