{"id":3579,"date":"2026-05-06T17:29:00","date_gmt":"2026-05-06T21:29:00","guid":{"rendered":"https:\/\/capitolflooringproducts.com\/?post_type=product&#038;p=3579"},"modified":"2026-05-08T13:56:41","modified_gmt":"2026-05-08T17:56:41","slug":"adhesivo-resiliente-universal-ps735-balde-de-4-gal-1514-l-ps735-4","status":"publish","type":"product","link":"https:\/\/capitolflooringproducts.com\/es\/producto\/adhesivo-resiliente-universal-ps735-balde-de-4-gal-1514-l-ps735-4\/","title":{"rendered":"Adhesivo resiliente universal PS735, balde de 4 gal\/15.14 l"},"content":{"rendered":"","protected":false},"excerpt":{"rendered":"<p>El adhesivo universal resiliente para pisos PS735 de Capitol<sup>\u00ae<\/sup> es un adhesivo de alto rendimiento, sensible a la presi\u00f3n, dise\u00f1ado para la instalaci\u00f3n de la mayor\u00eda de los productos para pisos resilientes. El PS735 de Capitol forma una uni\u00f3n tenaz, ofrece una tolerancia superior a la humedad y resiste la migraci\u00f3n de plastificante. Esta composici\u00f3n vers\u00e1til ofrece un m\u00e9todo de instalaci\u00f3n desplegable o permanente. COV: <11\u00a0g\/l.\n<\/p>\n","protected":false},"featured_media":7850,"template":"","meta":[],"product_brand":[],"product_cat":[246],"product_tag":[],"class_list":{"0":"post-3579","1":"product","2":"type-product","3":"status-publish","4":"has-post-thumbnail","6":"product_cat-adhesivos-para-vinilicos","8":"first","9":"instock","10":"shipping-taxable","11":"product-type-simple"},"_links":{"self":[{"href":"https:\/\/capitolflooringproducts.com\/es\/wp-json\/wp\/v2\/product\/3579","targetHints":{"allow":["GET"]}}],"collection":[{"href":"https:\/\/capitolflooringproducts.com\/es\/wp-json\/wp\/v2\/product"}],"about":[{"href":"https:\/\/capitolflooringproducts.com\/es\/wp-json\/wp\/v2\/types\/product"}],"wp:featuredmedia":[{"embeddable":true,"href":"https:\/\/capitolflooringproducts.com\/es\/wp-json\/wp\/v2\/media\/7850"}],"wp:attachment":[{"href":"https:\/\/capitolflooringproducts.com\/es\/wp-json\/wp\/v2\/media?parent=3579"}],"wp:term":[{"taxonomy":"product_brand","embeddable":true,"href":"https:\/\/capitolflooringproducts.com\/es\/wp-json\/wp\/v2\/product_brand?post=3579"},{"taxonomy":"product_cat","embeddable":true,"href":"https:\/\/capitolflooringproducts.com\/es\/wp-json\/wp\/v2\/product_cat?post=3579"},{"taxonomy":"product_tag","embeddable":true,"href":"https:\/\/capitolflooringproducts.com\/es\/wp-json\/wp\/v2\/product_tag?post=3579"}],"curies":[{"name":"wp","href":"https:\/\/api.w.org\/{rel}","templated":true}]}}