{"id":3573,"date":"2026-02-12T17:10:00","date_gmt":"2026-02-12T22:10:00","guid":{"rendered":"https:\/\/capitolflooringproducts.com\/?post_type=product&#038;p=3573"},"modified":"2026-02-13T12:47:04","modified_gmt":"2026-02-13T17:47:04","slug":"tijeras-para-rasurar-pico-de-pato-duckbill-con-manija-elevada-115200","status":"publish","type":"product","link":"https:\/\/capitolflooringproducts.com\/es\/producto\/tijeras-para-rasurar-pico-de-pato-duckbill-con-manija-elevada-115200\/","title":{"rendered":"Tijeras para rasurar pico de pato Duckbill con manija elevada"},"content":{"rendered":"","protected":false},"excerpt":{"rendered":"<p>Las tijeras para rasurar pico de pato Duckbill con manija elevada de Capitol<sup>\u00ae<\/sup> son una herramienta perfecta para recortar la alfombra de manera r\u00e1pida, f\u00e1cil y precisa. Los orificios con tama\u00f1o igualado para los dedos optimizan la facilidad del uso mientras que las aberturas extra grandes de la manija permiten el uso de manos m\u00e1s grandes. La manija tiene un dise\u00f1o desplazado, las cuchillas est\u00e1n chapadas en cromo para una m\u00e1xima durabilidad y adem\u00e1s son planas con forma de pico de pato para asegurar una altura apropiada; estas tijeras le proporcionan un mayor control del corte para asegurar la precisi\u00f3n.<\/p>\n","protected":false},"featured_media":5944,"template":"","meta":[],"product_brand":[],"product_cat":[258],"product_tag":[],"class_list":{"0":"post-3573","1":"product","2":"type-product","3":"status-publish","4":"has-post-thumbnail","6":"product_cat-tijeras","8":"first","9":"instock","10":"shipping-taxable","11":"product-type-simple"},"_links":{"self":[{"href":"https:\/\/capitolflooringproducts.com\/es\/wp-json\/wp\/v2\/product\/3573","targetHints":{"allow":["GET"]}}],"collection":[{"href":"https:\/\/capitolflooringproducts.com\/es\/wp-json\/wp\/v2\/product"}],"about":[{"href":"https:\/\/capitolflooringproducts.com\/es\/wp-json\/wp\/v2\/types\/product"}],"wp:featuredmedia":[{"embeddable":true,"href":"https:\/\/capitolflooringproducts.com\/es\/wp-json\/wp\/v2\/media\/5944"}],"wp:attachment":[{"href":"https:\/\/capitolflooringproducts.com\/es\/wp-json\/wp\/v2\/media?parent=3573"}],"wp:term":[{"taxonomy":"product_brand","embeddable":true,"href":"https:\/\/capitolflooringproducts.com\/es\/wp-json\/wp\/v2\/product_brand?post=3573"},{"taxonomy":"product_cat","embeddable":true,"href":"https:\/\/capitolflooringproducts.com\/es\/wp-json\/wp\/v2\/product_cat?post=3573"},{"taxonomy":"product_tag","embeddable":true,"href":"https:\/\/capitolflooringproducts.com\/es\/wp-json\/wp\/v2\/product_tag?post=3573"}],"curies":[{"name":"wp","href":"https:\/\/api.w.org\/{rel}","templated":true}]}}