{"id":3570,"date":"2026-02-12T17:10:00","date_gmt":"2026-02-12T22:10:00","guid":{"rendered":"https:\/\/capitolflooringproducts.com\/?post_type=product&#038;p=3570"},"modified":"2026-02-13T12:47:04","modified_gmt":"2026-02-13T17:47:04","slug":"sellante-de-latex-para-alfombras-ac17-botella-de-1-qt-946-ml-17q-12","status":"publish","type":"product","link":"https:\/\/capitolflooringproducts.com\/es\/producto\/sellante-de-latex-para-alfombras-ac17-botella-de-1-qt-946-ml-17q-12\/","title":{"rendered":"Sellante de l\u00e1tex para alfombras AC17, botella de 1\u00a0qt\/946\u00a0ml"},"content":{"rendered":"","protected":false},"excerpt":{"rendered":"<p>El AC17 de Capitol<sup>\u00ae<\/sup> es un sellante para uniones para alfombras a base de l\u00e1tex, especialmente formulado para evitar el deshilachado de los bordes y sellar las uniones de la mayor\u00eda de las alfombras residenciales. Tambi\u00e9n es un adhesivo de caucho natural para tejidos, para fijar uniones, unir cintas de tela y reparar fachadas. Se seca r\u00e1pidamente y produce una uni\u00f3n permanente que se mantiene flexible. Este adhesivo tiene una f\u00f3rmula respetuosa con la Tierra.<\/p>\n","protected":false},"featured_media":5938,"template":"","meta":[],"product_brand":[],"product_cat":[238],"product_tag":[],"class_list":{"0":"post-3570","1":"product","2":"type-product","3":"status-publish","4":"has-post-thumbnail","6":"product_cat-adhesivos-para-alfombras","8":"first","9":"instock","10":"shipping-taxable","11":"product-type-simple"},"_links":{"self":[{"href":"https:\/\/capitolflooringproducts.com\/es\/wp-json\/wp\/v2\/product\/3570","targetHints":{"allow":["GET"]}}],"collection":[{"href":"https:\/\/capitolflooringproducts.com\/es\/wp-json\/wp\/v2\/product"}],"about":[{"href":"https:\/\/capitolflooringproducts.com\/es\/wp-json\/wp\/v2\/types\/product"}],"wp:featuredmedia":[{"embeddable":true,"href":"https:\/\/capitolflooringproducts.com\/es\/wp-json\/wp\/v2\/media\/5938"}],"wp:attachment":[{"href":"https:\/\/capitolflooringproducts.com\/es\/wp-json\/wp\/v2\/media?parent=3570"}],"wp:term":[{"taxonomy":"product_brand","embeddable":true,"href":"https:\/\/capitolflooringproducts.com\/es\/wp-json\/wp\/v2\/product_brand?post=3570"},{"taxonomy":"product_cat","embeddable":true,"href":"https:\/\/capitolflooringproducts.com\/es\/wp-json\/wp\/v2\/product_cat?post=3570"},{"taxonomy":"product_tag","embeddable":true,"href":"https:\/\/capitolflooringproducts.com\/es\/wp-json\/wp\/v2\/product_tag?post=3570"}],"curies":[{"name":"wp","href":"https:\/\/api.w.org\/{rel}","templated":true}]}}