{"id":3564,"date":"2026-02-12T17:10:00","date_gmt":"2026-02-12T22:10:00","guid":{"rendered":"https:\/\/capitolflooringproducts.com\/?post_type=product&#038;p=3564"},"modified":"2026-02-13T12:47:04","modified_gmt":"2026-02-13T17:47:04","slug":"barra-de-apalancamiento-para-molduras-profesional-110200","status":"publish","type":"product","link":"https:\/\/capitolflooringproducts.com\/es\/producto\/barra-de-apalancamiento-para-molduras-profesional-110200\/","title":{"rendered":"Barra de apalancamiento para molduras profesional"},"content":{"rendered":"","protected":false},"excerpt":{"rendered":"<p>Una herramienta infaltable para los instaladores, la barra de apalancamiento para molduras profesional de Capitol<sup>\u00ae<\/sup> es la herramienta perfecta para remover molduras. Su dise\u00f1o curvo proporciona \u00e1ngulos precisos y un apalancamiento \u00f3ptimo para remover molduras y tiras de p\u00faas, especialmente en \u00e1reas peque\u00f1as y dif\u00edciles de alcanzar donde no cabr\u00eda una barra normal. Fabricada en acero forjado con alto contenido de carbono, su ranura actualizada biselada y profunda para clavos permite remover de manera f\u00e1cil y r\u00e1pida.<\/p>\n","protected":false},"featured_media":5923,"template":"","meta":[],"product_brand":[],"product_cat":[278],"product_tag":[],"class_list":{"0":"post-3564","1":"product","2":"type-product","3":"status-publish","4":"has-post-thumbnail","6":"product_cat-barras-de-apalancamiento","8":"first","9":"instock","10":"shipping-taxable","11":"product-type-simple"},"_links":{"self":[{"href":"https:\/\/capitolflooringproducts.com\/es\/wp-json\/wp\/v2\/product\/3564","targetHints":{"allow":["GET"]}}],"collection":[{"href":"https:\/\/capitolflooringproducts.com\/es\/wp-json\/wp\/v2\/product"}],"about":[{"href":"https:\/\/capitolflooringproducts.com\/es\/wp-json\/wp\/v2\/types\/product"}],"wp:featuredmedia":[{"embeddable":true,"href":"https:\/\/capitolflooringproducts.com\/es\/wp-json\/wp\/v2\/media\/5923"}],"wp:attachment":[{"href":"https:\/\/capitolflooringproducts.com\/es\/wp-json\/wp\/v2\/media?parent=3564"}],"wp:term":[{"taxonomy":"product_brand","embeddable":true,"href":"https:\/\/capitolflooringproducts.com\/es\/wp-json\/wp\/v2\/product_brand?post=3564"},{"taxonomy":"product_cat","embeddable":true,"href":"https:\/\/capitolflooringproducts.com\/es\/wp-json\/wp\/v2\/product_cat?post=3564"},{"taxonomy":"product_tag","embeddable":true,"href":"https:\/\/capitolflooringproducts.com\/es\/wp-json\/wp\/v2\/product_tag?post=3564"}],"curies":[{"name":"wp","href":"https:\/\/api.w.org\/{rel}","templated":true}]}}