{"id":3546,"date":"2026-05-06T17:29:00","date_gmt":"2026-05-06T21:29:00","guid":{"rendered":"https:\/\/capitolflooringproducts.com\/?post_type=product&#038;p=3546"},"modified":"2026-05-08T13:56:34","modified_gmt":"2026-05-08T17:56:34","slug":"tira-de-puas-extra-ancha-de-1-in-25-cm-para-madera-120012","status":"publish","type":"product","link":"https:\/\/capitolflooringproducts.com\/es\/producto\/tira-de-puas-extra-ancha-de-1-in-25-cm-para-madera-120012\/","title":{"rendered":"Tira de p\u00faas extra ancha de 1&#8243; (2.5\u00a0cm) para madera"},"content":{"rendered":"","protected":false},"excerpt":{"rendered":"<p>La tira de p\u00faas de 1&#8243; (2.5\u00a0cm) de Capitol<sup>\u00ae<\/sup> est\u00e1 hecha de materiales de 5\u00a0capas y sostiene de manera segura la alfombra en su lugar con las dos hileras de pernos. Dise\u00f1ada para instalaciones de subsuelos de madera, es m\u00e1s ancha que las est\u00e1ndar en la industria con un ancho de 7\/8&#8243; (2.20\u00a0cm) y con un v\u00e1stago roscado para sostenerlo en su lugar. El borde biselado mantiene la alfombra ajustada entre la tira de p\u00faas y la pared y la mantiene en su lugar al estirarla con los estiradores de rodilla o los estiradores de potencia est\u00e1ndar.  La tira de p\u00faas de 1&#8243; (2.5\u00a0cm) cumple con los est\u00e1ndares prescritos por el instituto de alfombras y tapetes CRI-105.<\/p>\n","protected":false},"featured_media":5908,"template":"","meta":[],"product_brand":[],"product_cat":[286],"product_tag":[],"class_list":{"0":"post-3546","1":"product","2":"type-product","3":"status-publish","4":"has-post-thumbnail","6":"product_cat-tiras-de-puas","8":"first","9":"instock","10":"shipping-taxable","11":"product-type-simple"},"_links":{"self":[{"href":"https:\/\/capitolflooringproducts.com\/es\/wp-json\/wp\/v2\/product\/3546","targetHints":{"allow":["GET"]}}],"collection":[{"href":"https:\/\/capitolflooringproducts.com\/es\/wp-json\/wp\/v2\/product"}],"about":[{"href":"https:\/\/capitolflooringproducts.com\/es\/wp-json\/wp\/v2\/types\/product"}],"wp:featuredmedia":[{"embeddable":true,"href":"https:\/\/capitolflooringproducts.com\/es\/wp-json\/wp\/v2\/media\/5908"}],"wp:attachment":[{"href":"https:\/\/capitolflooringproducts.com\/es\/wp-json\/wp\/v2\/media?parent=3546"}],"wp:term":[{"taxonomy":"product_brand","embeddable":true,"href":"https:\/\/capitolflooringproducts.com\/es\/wp-json\/wp\/v2\/product_brand?post=3546"},{"taxonomy":"product_cat","embeddable":true,"href":"https:\/\/capitolflooringproducts.com\/es\/wp-json\/wp\/v2\/product_cat?post=3546"},{"taxonomy":"product_tag","embeddable":true,"href":"https:\/\/capitolflooringproducts.com\/es\/wp-json\/wp\/v2\/product_tag?post=3546"}],"curies":[{"name":"wp","href":"https:\/\/api.w.org\/{rel}","templated":true}]}}