{"id":3536,"date":"2026-02-12T17:10:00","date_gmt":"2026-02-12T22:10:00","guid":{"rendered":"https:\/\/capitolflooringproducts.com\/?post_type=product&#038;p=3536"},"modified":"2026-02-13T12:47:03","modified_gmt":"2026-02-13T17:47:03","slug":"cinta-termoadhesiva-para-uniones-greenline-142012","status":"publish","type":"product","link":"https:\/\/capitolflooringproducts.com\/es\/producto\/cinta-termoadhesiva-para-uniones-greenline-142012\/","title":{"rendered":"Cinta termoadhesiva para uniones Greenline"},"content":{"rendered":"","protected":false},"excerpt":{"rendered":"<p>La cinta termoadhesiva para alfombras de Capitol<sup>\u00ae<\/sup> Greenline es una cinta econ\u00f3mica de alta calidad dise\u00f1ada para aplicaciones residenciales y comerciales. Es ideal para su uso con alfombras tejidas con dorso de l\u00e1tex.<\/p>\n","protected":false},"featured_media":5868,"template":"","meta":[],"product_brand":[],"product_cat":[290],"product_tag":[],"class_list":{"0":"post-3536","1":"product","2":"type-product","3":"status-publish","4":"has-post-thumbnail","6":"product_cat-cintas-termoadhesivas","8":"first","9":"instock","10":"shipping-taxable","11":"product-type-simple"},"_links":{"self":[{"href":"https:\/\/capitolflooringproducts.com\/es\/wp-json\/wp\/v2\/product\/3536","targetHints":{"allow":["GET"]}}],"collection":[{"href":"https:\/\/capitolflooringproducts.com\/es\/wp-json\/wp\/v2\/product"}],"about":[{"href":"https:\/\/capitolflooringproducts.com\/es\/wp-json\/wp\/v2\/types\/product"}],"wp:featuredmedia":[{"embeddable":true,"href":"https:\/\/capitolflooringproducts.com\/es\/wp-json\/wp\/v2\/media\/5868"}],"wp:attachment":[{"href":"https:\/\/capitolflooringproducts.com\/es\/wp-json\/wp\/v2\/media?parent=3536"}],"wp:term":[{"taxonomy":"product_brand","embeddable":true,"href":"https:\/\/capitolflooringproducts.com\/es\/wp-json\/wp\/v2\/product_brand?post=3536"},{"taxonomy":"product_cat","embeddable":true,"href":"https:\/\/capitolflooringproducts.com\/es\/wp-json\/wp\/v2\/product_cat?post=3536"},{"taxonomy":"product_tag","embeddable":true,"href":"https:\/\/capitolflooringproducts.com\/es\/wp-json\/wp\/v2\/product_tag?post=3536"}],"curies":[{"name":"wp","href":"https:\/\/api.w.org\/{rel}","templated":true}]}}