{"id":3534,"date":"2026-02-12T17:10:00","date_gmt":"2026-02-12T22:10:00","guid":{"rendered":"https:\/\/capitolflooringproducts.com\/?post_type=product&#038;p=3534"},"modified":"2026-02-13T12:47:03","modified_gmt":"2026-02-13T17:47:03","slug":"adhesivo-de-construccion-de-multiple-adhesion-para-placas-de-yeso-y-paneles-py30-py30","status":"publish","type":"product","link":"https:\/\/capitolflooringproducts.com\/es\/producto\/adhesivo-de-construccion-de-multiple-adhesion-para-placas-de-yeso-y-paneles-py30-py30\/","title":{"rendered":"Adhesivo de construcci\u00f3n de m\u00faltiple adhesi\u00f3n para placas de yeso y paneles PY30"},"content":{"rendered":"","protected":false},"excerpt":{"rendered":"<p>El adhesivo de construcci\u00f3n PY30 de Capitol<sup>\u00ae<\/sup> est\u00e1 espec\u00edficamente formulado para la instalaci\u00f3n interior de placas de yeso, paneles y tablones de espuma. Este adhesivo de primera calidad proporciona un agarre inmediato con una buena adherencia para una colocaci\u00f3n precisa y una uni\u00f3n permanente, lo que reduce la necesidad de clavar y evitando que se salgan los clavos. El PY30 de Capitol es f\u00e1cil de usar con cualquier pistola de cartuchos est\u00e1ndar. Est\u00e1 libre de solventes y no contiene ingredientes perjudiciales para la salud o el medio ambiente.<\/p>\n","protected":false},"featured_media":5865,"template":"","meta":[],"product_brand":[],"product_cat":[244],"product_tag":[],"class_list":{"0":"post-3534","1":"product","2":"type-product","3":"status-publish","4":"has-post-thumbnail","6":"product_cat-adhesivos-de-especialidad","8":"first","9":"instock","10":"shipping-taxable","11":"product-type-simple"},"_links":{"self":[{"href":"https:\/\/capitolflooringproducts.com\/es\/wp-json\/wp\/v2\/product\/3534","targetHints":{"allow":["GET"]}}],"collection":[{"href":"https:\/\/capitolflooringproducts.com\/es\/wp-json\/wp\/v2\/product"}],"about":[{"href":"https:\/\/capitolflooringproducts.com\/es\/wp-json\/wp\/v2\/types\/product"}],"wp:featuredmedia":[{"embeddable":true,"href":"https:\/\/capitolflooringproducts.com\/es\/wp-json\/wp\/v2\/media\/5865"}],"wp:attachment":[{"href":"https:\/\/capitolflooringproducts.com\/es\/wp-json\/wp\/v2\/media?parent=3534"}],"wp:term":[{"taxonomy":"product_brand","embeddable":true,"href":"https:\/\/capitolflooringproducts.com\/es\/wp-json\/wp\/v2\/product_brand?post=3534"},{"taxonomy":"product_cat","embeddable":true,"href":"https:\/\/capitolflooringproducts.com\/es\/wp-json\/wp\/v2\/product_cat?post=3534"},{"taxonomy":"product_tag","embeddable":true,"href":"https:\/\/capitolflooringproducts.com\/es\/wp-json\/wp\/v2\/product_tag?post=3534"}],"curies":[{"name":"wp","href":"https:\/\/api.w.org\/{rel}","templated":true}]}}