{"id":3522,"date":"2026-02-12T17:10:00","date_gmt":"2026-02-12T22:10:00","guid":{"rendered":"https:\/\/capitolflooringproducts.com\/?post_type=product&#038;p=3522"},"modified":"2026-02-13T12:47:02","modified_gmt":"2026-02-13T17:47:02","slug":"herramienta-profesional-para-escaleras-110900","status":"publish","type":"product","link":"https:\/\/capitolflooringproducts.com\/es\/producto\/herramienta-profesional-para-escaleras-110900\/","title":{"rendered":"Herramienta profesional para escaleras"},"content":{"rendered":"","protected":false},"excerpt":{"rendered":"<p>Dise\u00f1ada primordialmente para encajar en las escaleras, la herramienta profesional para escaleras de Capitol<sup>\u00ae<\/sup> tambi\u00e9n puede usarse para direccionar la alfombra hacia los surcos, tiras de p\u00faas y paredes. Est\u00e1 hecha de acero cromado y tiene una manija antideslizante. La cuchilla de 4&#8243; (10\u00a0cm) de ancho encaja m\u00e1s r\u00e1pido en las alfombras y proporciona bordes m\u00e1s limpios.<\/p>\n","protected":false},"featured_media":5835,"template":"","meta":[],"product_brand":[],"product_cat":[272],"product_tag":[],"class_list":{"0":"post-3522","1":"product","2":"type-product","3":"status-publish","4":"has-post-thumbnail","6":"product_cat-herramientas-para-encajar","8":"first","9":"instock","10":"shipping-taxable","11":"product-type-simple"},"_links":{"self":[{"href":"https:\/\/capitolflooringproducts.com\/es\/wp-json\/wp\/v2\/product\/3522","targetHints":{"allow":["GET"]}}],"collection":[{"href":"https:\/\/capitolflooringproducts.com\/es\/wp-json\/wp\/v2\/product"}],"about":[{"href":"https:\/\/capitolflooringproducts.com\/es\/wp-json\/wp\/v2\/types\/product"}],"wp:featuredmedia":[{"embeddable":true,"href":"https:\/\/capitolflooringproducts.com\/es\/wp-json\/wp\/v2\/media\/5835"}],"wp:attachment":[{"href":"https:\/\/capitolflooringproducts.com\/es\/wp-json\/wp\/v2\/media?parent=3522"}],"wp:term":[{"taxonomy":"product_brand","embeddable":true,"href":"https:\/\/capitolflooringproducts.com\/es\/wp-json\/wp\/v2\/product_brand?post=3522"},{"taxonomy":"product_cat","embeddable":true,"href":"https:\/\/capitolflooringproducts.com\/es\/wp-json\/wp\/v2\/product_cat?post=3522"},{"taxonomy":"product_tag","embeddable":true,"href":"https:\/\/capitolflooringproducts.com\/es\/wp-json\/wp\/v2\/product_tag?post=3522"}],"curies":[{"name":"wp","href":"https:\/\/api.w.org\/{rel}","templated":true}]}}