{"id":3510,"date":"2026-02-12T17:10:00","date_gmt":"2026-02-12T22:10:00","guid":{"rendered":"https:\/\/capitolflooringproducts.com\/?post_type=product&#038;p=3510"},"modified":"2026-02-13T12:47:01","modified_gmt":"2026-02-13T17:47:01","slug":"adhesivo-para-pisos-de-madera-wa060-wa060-4","status":"publish","type":"product","link":"https:\/\/capitolflooringproducts.com\/es\/producto\/adhesivo-para-pisos-de-madera-wa060-wa060-4\/","title":{"rendered":"Adhesivo para pisos de madera WA060"},"content":{"rendered":"","protected":false},"excerpt":{"rendered":"<p>El adhesivo acr\u00edlico modificado para pisos de madera WA060 de Capitol<sup>\u00ae<\/sup> ofrece alto contenido de s\u00f3lidos que crean una uni\u00f3n agresiva con pisos de ingenier\u00eda preacabados (hasta \u22641\/2 pulg. [1.27\u00a0cm] de espesor o \u22645 pulg. [12.7\u00a0cm] de ancho), parquet preacabado y contrapisos ac\u00fasticos de corcho.<\/p>\n","protected":false},"featured_media":5808,"template":"","meta":[],"product_brand":[],"product_cat":[248],"product_tag":[],"class_list":{"0":"post-3510","1":"product","2":"type-product","3":"status-publish","4":"has-post-thumbnail","6":"product_cat-adhesivos-para-madera","8":"first","9":"instock","10":"shipping-taxable","11":"product-type-simple"},"_links":{"self":[{"href":"https:\/\/capitolflooringproducts.com\/es\/wp-json\/wp\/v2\/product\/3510","targetHints":{"allow":["GET"]}}],"collection":[{"href":"https:\/\/capitolflooringproducts.com\/es\/wp-json\/wp\/v2\/product"}],"about":[{"href":"https:\/\/capitolflooringproducts.com\/es\/wp-json\/wp\/v2\/types\/product"}],"wp:featuredmedia":[{"embeddable":true,"href":"https:\/\/capitolflooringproducts.com\/es\/wp-json\/wp\/v2\/media\/5808"}],"wp:attachment":[{"href":"https:\/\/capitolflooringproducts.com\/es\/wp-json\/wp\/v2\/media?parent=3510"}],"wp:term":[{"taxonomy":"product_brand","embeddable":true,"href":"https:\/\/capitolflooringproducts.com\/es\/wp-json\/wp\/v2\/product_brand?post=3510"},{"taxonomy":"product_cat","embeddable":true,"href":"https:\/\/capitolflooringproducts.com\/es\/wp-json\/wp\/v2\/product_cat?post=3510"},{"taxonomy":"product_tag","embeddable":true,"href":"https:\/\/capitolflooringproducts.com\/es\/wp-json\/wp\/v2\/product_tag?post=3510"}],"curies":[{"name":"wp","href":"https:\/\/api.w.org\/{rel}","templated":true}]}}