{"id":3496,"date":"2026-02-12T17:10:00","date_gmt":"2026-02-12T22:10:00","guid":{"rendered":"https:\/\/capitolflooringproducts.com\/?post_type=product&#038;p=3496"},"modified":"2026-02-13T12:47:01","modified_gmt":"2026-02-13T17:47:01","slug":"cinta-termoadhesiva-para-uniones-goldline-142013","status":"publish","type":"product","link":"https:\/\/capitolflooringproducts.com\/es\/producto\/cinta-termoadhesiva-para-uniones-goldline-142013\/","title":{"rendered":"Cinta termoadhesiva para uniones Goldline"},"content":{"rendered":"","protected":false},"excerpt":{"rendered":"<p>La cinta termoadhesiva para alfombras de Capitol<sup>\u00ae<\/sup> Goldline cuenta con una capa extrapesada de adhesivo de fusi\u00f3n al calor para una uni\u00f3n fuerte y duradera. Es una de las cintas m\u00e1s populares del mercado hoy en d\u00eda, es ideal para uso comercial medio y residencial medio-pesado. De baja emisi\u00f3n de humos, inodora y respetuosa con el medio ambiente, la cinta Goldline establece el est\u00e1ndar para uniones fuertes y de alto rendimiento.<\/p>\n","protected":false},"featured_media":5775,"template":"","meta":[],"product_brand":[],"product_cat":[290],"product_tag":[],"class_list":{"0":"post-3496","1":"product","2":"type-product","3":"status-publish","4":"has-post-thumbnail","6":"product_cat-cintas-termoadhesivas","8":"first","9":"instock","10":"shipping-taxable","11":"product-type-simple"},"_links":{"self":[{"href":"https:\/\/capitolflooringproducts.com\/es\/wp-json\/wp\/v2\/product\/3496","targetHints":{"allow":["GET"]}}],"collection":[{"href":"https:\/\/capitolflooringproducts.com\/es\/wp-json\/wp\/v2\/product"}],"about":[{"href":"https:\/\/capitolflooringproducts.com\/es\/wp-json\/wp\/v2\/types\/product"}],"wp:featuredmedia":[{"embeddable":true,"href":"https:\/\/capitolflooringproducts.com\/es\/wp-json\/wp\/v2\/media\/5775"}],"wp:attachment":[{"href":"https:\/\/capitolflooringproducts.com\/es\/wp-json\/wp\/v2\/media?parent=3496"}],"wp:term":[{"taxonomy":"product_brand","embeddable":true,"href":"https:\/\/capitolflooringproducts.com\/es\/wp-json\/wp\/v2\/product_brand?post=3496"},{"taxonomy":"product_cat","embeddable":true,"href":"https:\/\/capitolflooringproducts.com\/es\/wp-json\/wp\/v2\/product_cat?post=3496"},{"taxonomy":"product_tag","embeddable":true,"href":"https:\/\/capitolflooringproducts.com\/es\/wp-json\/wp\/v2\/product_tag?post=3496"}],"curies":[{"name":"wp","href":"https:\/\/api.w.org\/{rel}","templated":true}]}}