{"id":3488,"date":"2026-02-12T17:10:00","date_gmt":"2026-02-12T22:10:00","guid":{"rendered":"https:\/\/capitolflooringproducts.com\/?post_type=product&#038;p=3488"},"modified":"2026-02-13T12:47:01","modified_gmt":"2026-02-13T17:47:01","slug":"raspador-profesional-de-18-in-45-cm-para-pisos-y-paredes-110610","status":"publish","type":"product","link":"https:\/\/capitolflooringproducts.com\/es\/producto\/raspador-profesional-de-18-in-45-cm-para-pisos-y-paredes-110610\/","title":{"rendered":"Raspador profesional de 18&#8243; (45\u00a0cm) para pisos y paredes"},"content":{"rendered":"","protected":false},"excerpt":{"rendered":"<p>El raspador profesional de 18&#8243; (45\u00a0cm) para pisos y paredes con hoja de acero de 4&#8243; (10\u00a0cm) de Capitol<sup>\u00ae<\/sup> remueve los materiales m\u00e1s dif\u00edciles de remover, como el adhesivo y los pisos dif\u00edciles de remover, y dejando las superficies suaves y listas. La manija extensible est\u00e1 fabricada con un agarre acolchado y una tapa ergon\u00f3mica en el extremo para una mayor comodidad durante el uso.<\/p>\n","protected":false},"featured_media":5757,"template":"","meta":[],"product_brand":[],"product_cat":[280],"product_tag":[],"class_list":{"0":"post-3488","1":"product","2":"type-product","3":"status-publish","4":"has-post-thumbnail","6":"product_cat-raspadores","8":"first","9":"instock","10":"shipping-taxable","11":"product-type-simple"},"_links":{"self":[{"href":"https:\/\/capitolflooringproducts.com\/es\/wp-json\/wp\/v2\/product\/3488","targetHints":{"allow":["GET"]}}],"collection":[{"href":"https:\/\/capitolflooringproducts.com\/es\/wp-json\/wp\/v2\/product"}],"about":[{"href":"https:\/\/capitolflooringproducts.com\/es\/wp-json\/wp\/v2\/types\/product"}],"wp:featuredmedia":[{"embeddable":true,"href":"https:\/\/capitolflooringproducts.com\/es\/wp-json\/wp\/v2\/media\/5757"}],"wp:attachment":[{"href":"https:\/\/capitolflooringproducts.com\/es\/wp-json\/wp\/v2\/media?parent=3488"}],"wp:term":[{"taxonomy":"product_brand","embeddable":true,"href":"https:\/\/capitolflooringproducts.com\/es\/wp-json\/wp\/v2\/product_brand?post=3488"},{"taxonomy":"product_cat","embeddable":true,"href":"https:\/\/capitolflooringproducts.com\/es\/wp-json\/wp\/v2\/product_cat?post=3488"},{"taxonomy":"product_tag","embeddable":true,"href":"https:\/\/capitolflooringproducts.com\/es\/wp-json\/wp\/v2\/product_tag?post=3488"}],"curies":[{"name":"wp","href":"https:\/\/api.w.org\/{rel}","templated":true}]}}