{"id":3486,"date":"2026-02-12T17:10:00","date_gmt":"2026-02-12T22:10:00","guid":{"rendered":"https:\/\/capitolflooringproducts.com\/?post_type=product&#038;p=3486"},"modified":"2026-02-13T12:47:01","modified_gmt":"2026-02-13T17:47:01","slug":"adhesivo-universal-para-pisos-resilientes-y-alfombra-modular-ps399-ps399-4","status":"publish","type":"product","link":"https:\/\/capitolflooringproducts.com\/es\/producto\/adhesivo-universal-para-pisos-resilientes-y-alfombra-modular-ps399-ps399-4\/","title":{"rendered":"Adhesivo Universal+ para pisos resilientes y alfombra modular PS399"},"content":{"rendered":"","protected":false},"excerpt":{"rendered":"<p>El adhesivo Universal+ para pisos resilientes y alfombra modular PS399 Capitol<sup>\u00ae<\/sup> genera una enorme fuerza adhesiva con la mayor\u00eda de los productos para pisos resilientes a la vez que proporciona una m\u00e1xima resistencia al vapor de humedad. El PS399 de Capitol puede utilizarse como adhesivo de fraguado h\u00famedo o sensitivo a la presi\u00f3n con un tiempo de trabajo ampliado opcional de hasta 12 horas. Este adhesivo din\u00e1mico puede estar listo para el tr\u00e1nsito (incluidas cargas pesadas rodantes) despu\u00e9s de tan solo 48 horas.<\/p>\n","protected":false},"featured_media":5754,"template":"","meta":[],"product_brand":[],"product_cat":[246],"product_tag":[],"class_list":{"0":"post-3486","1":"product","2":"type-product","3":"status-publish","4":"has-post-thumbnail","6":"product_cat-adhesivos-para-vinilicos","8":"first","9":"instock","10":"shipping-taxable","11":"product-type-simple"},"_links":{"self":[{"href":"https:\/\/capitolflooringproducts.com\/es\/wp-json\/wp\/v2\/product\/3486","targetHints":{"allow":["GET"]}}],"collection":[{"href":"https:\/\/capitolflooringproducts.com\/es\/wp-json\/wp\/v2\/product"}],"about":[{"href":"https:\/\/capitolflooringproducts.com\/es\/wp-json\/wp\/v2\/types\/product"}],"wp:featuredmedia":[{"embeddable":true,"href":"https:\/\/capitolflooringproducts.com\/es\/wp-json\/wp\/v2\/media\/5754"}],"wp:attachment":[{"href":"https:\/\/capitolflooringproducts.com\/es\/wp-json\/wp\/v2\/media?parent=3486"}],"wp:term":[{"taxonomy":"product_brand","embeddable":true,"href":"https:\/\/capitolflooringproducts.com\/es\/wp-json\/wp\/v2\/product_brand?post=3486"},{"taxonomy":"product_cat","embeddable":true,"href":"https:\/\/capitolflooringproducts.com\/es\/wp-json\/wp\/v2\/product_cat?post=3486"},{"taxonomy":"product_tag","embeddable":true,"href":"https:\/\/capitolflooringproducts.com\/es\/wp-json\/wp\/v2\/product_tag?post=3486"}],"curies":[{"name":"wp","href":"https:\/\/api.w.org\/{rel}","templated":true}]}}