{"id":3883,"date":"2022-03-14T17:06:35","date_gmt":"2022-03-14T21:06:35","guid":{"rendered":"https:\/\/capitolflooringproducts.com\/privacy-policy\/"},"modified":"2025-06-04T20:52:47","modified_gmt":"2025-06-05T00:52:47","slug":"privacy-policy","status":"publish","type":"page","link":"https:\/\/capitolflooringproducts.com\/es\/privacy-policy\/","title":{"rendered":"Pol\u00edtica de privacidad"},"content":{"rendered":"<p><strong>Mantenemos la informaci\u00f3n personal privada y limitamos su uso<\/strong><br \/>\nLa informaci\u00f3n que podr\u00eda proporcionar al visitar nuestro sitio web se encuentra dentro de dos categor\u00edas amplias : Informaci\u00f3n de identificaci\u00f3n personal y datos agregados. La \u201cinformaci\u00f3n de identificaci\u00f3n personal\u201d es informaci\u00f3n que puede usarse para identificarlo o contactarlo, tales como su nombre, direcci\u00f3n de correo electr\u00f3nico o direcci\u00f3n de env\u00edo. Los \u201cdatos agregados\u201d son datos que no lo identifican, y podr\u00edan incluir, por ejemplo, informaci\u00f3n estad\u00edstica sobre las p\u00e1ginas web de nuestro sitio web que los usuarios frecuentan m\u00e1s. No compartimos su informaci\u00f3n de identificaci\u00f3n personal que usted haya proporcionado con terceros no asociados. Nos referimos a \u201cterceros no asociados\u201d a toda persona que (i) no est\u00e9 involucrada directamente en el mantenimiento o la operaci\u00f3n de nuestro sitio web, o (ii) no est\u00e9 involucrada en satisfacer solicitudes que usted haga en nuestro sitio web, o (iii) no est\u00e9 dentro de la familia corporativa de Capitol<sup>\u00ae<\/sup>.<\/p>\n<p>Usamos la informaci\u00f3n de identificaci\u00f3n personal que usted nos haya proporcionado estrictamente para los fines para los que la proporcion\u00f3. Por ejemplo, si usted solicita recibir informaci\u00f3n espec\u00edfica, y nos brinda informaci\u00f3n de contacto (que podr\u00eda incluir informaci\u00f3n de identificaci\u00f3n personal, como la direcci\u00f3n de correo electr\u00f3nico, la direcci\u00f3n postal o el n\u00famero de tel\u00e9fono), usaremos esa informaci\u00f3n para contactarlo respecto a su solicitud o para enviarle la informaci\u00f3n.<\/p>\n<p><strong>Excepciones de nuestra pol\u00edtica de privacidad<\/strong><br \/>\nExisten excepciones de nuestra pol\u00edtica de privacidad, tales como si es necesario para Capitol\u00ae divulgar o usar Informaci\u00f3n de identificaci\u00f3n personal que se considere de buena fe, que es adecuada en relaci\u00f3n con procedimientos legales, o en respuesta a una citaci\u00f3n legal, una orden de registro, una orden de la corte, una recaudaci\u00f3n, un embargo, una orden de un beneficiario designado por la corte u otros procesos legales comparables, como citaciones de partes privadas en un juicio civil, o que considere adecuada para aplicar las condiciones y para proteger la integridad de nuestro sitio web.<\/p>\n<p><strong>Uso de las \u201ccookies\u201d<\/strong><br \/>\nPodemos recopilar datos agregados sobre su uso de nuestro sitio web a trav\u00e9s de las cookies y tecnolog\u00edas similares del Internet. Las \u201ccookies\u201d son peque\u00f1as piezas de informaci\u00f3n que transfiere un sitio web a su disco duro, donde son almacenadas por su navegador en el disco duro de su computadora con el fin de registro de datos (tales como almacenar preferencias del usuario). Si usamos cookies, estas no recopilan ni retienen su nombre ni otra informaci\u00f3n de identificaci\u00f3n personal. Si usamos las cookies, trataremos toda la informaci\u00f3n que pueda recopilarse a trav\u00e9s de ellas y de tecnolog\u00edas similares de Internet como datos agregados.<\/p>\n<p><strong>Si visita nuestro sitio web para navegar, leer o descargar informaci\u00f3n<\/strong><br \/>\nPodemos recopilar y almacenar: el nombre de la designaci\u00f3n del dominio y el alojamiento web desde el cual accede a Internet (por ejemplo, aol.com); la direcci\u00f3n del protocolo de Internet (IP) de la computadora que est\u00e1 usando; el programa de navegador que usa y su sistema operativo; la fecha y hora de acceso a nuestro sitio web y otra actividad all\u00ed; y la direcci\u00f3n de Internet del sitio web desde el cual lleg\u00f3 a nuestro sitio web. Si recopilamos esta informaci\u00f3n, la usamos para administraci\u00f3n del sistema, para medir la cantidad de visitantes en nuestro Sitio web, para mejorar el rendimiento del sitio web y para poder hacer que nuestro sitio web sea m\u00e1s \u00fatil o para recopilar datos agregados generales. No vinculamos una direcci\u00f3n de IP con Informaci\u00f3n de identificaci\u00f3n personal, lo que significa que registraremos la sesi\u00f3n de un usuario, pero el usuario seguir\u00e1 siendo an\u00f3nimo para nosotros. Si decidimos vincular datos agregados o su direcci\u00f3n IP con su Informaci\u00f3n de identificaci\u00f3n personal, trataremos esa informaci\u00f3n como \u201cinformaci\u00f3n de identificaci\u00f3n personal \u201d para todos los fines conforme a nuestra pol\u00edtica de privacidad estipulada en la presente.<\/p>\n<p><strong>Preguntas<\/strong><br \/>\nSi tiene preguntas sobre nuestras condiciones o sobre esta pol\u00edtica de privacidad, visite nuestra secci\u00f3n \u201c<a href=\"https:\/\/capitolflooringproducts.com\/es\/comuniquese-con-nosotros\/\">Comun\u00edquese con nosotros<\/a>\u201d.<\/p>\n","protected":false},"excerpt":{"rendered":"<p>Mantenemos la informaci\u00f3n personal privada y limitamos su uso La informaci\u00f3n que podr\u00eda proporcionar al visitar nuestro sitio web se encuentra dentro de dos categor\u00edas amplias&#8230;<\/p>\n","protected":false},"author":1,"featured_media":0,"parent":0,"menu_order":0,"comment_status":"closed","ping_status":"closed","template":"","meta":{"footnotes":""},"class_list":["post-3883","page","type-page","status-publish","hentry"],"_links":{"self":[{"href":"https:\/\/capitolflooringproducts.com\/es\/wp-json\/wp\/v2\/pages\/3883","targetHints":{"allow":["GET"]}}],"collection":[{"href":"https:\/\/capitolflooringproducts.com\/es\/wp-json\/wp\/v2\/pages"}],"about":[{"href":"https:\/\/capitolflooringproducts.com\/es\/wp-json\/wp\/v2\/types\/page"}],"author":[{"embeddable":true,"href":"https:\/\/capitolflooringproducts.com\/es\/wp-json\/wp\/v2\/users\/1"}],"replies":[{"embeddable":true,"href":"https:\/\/capitolflooringproducts.com\/es\/wp-json\/wp\/v2\/comments?post=3883"}],"version-history":[{"count":4,"href":"https:\/\/capitolflooringproducts.com\/es\/wp-json\/wp\/v2\/pages\/3883\/revisions"}],"predecessor-version":[{"id":7703,"href":"https:\/\/capitolflooringproducts.com\/es\/wp-json\/wp\/v2\/pages\/3883\/revisions\/7703"}],"wp:attachment":[{"href":"https:\/\/capitolflooringproducts.com\/es\/wp-json\/wp\/v2\/media?parent=3883"}],"curies":[{"name":"wp","href":"https:\/\/api.w.org\/{rel}","templated":true}]}}