{"id":3881,"date":"2022-03-14T17:05:58","date_gmt":"2022-03-14T21:05:58","guid":{"rendered":"https:\/\/capitolflooringproducts.com\/terms-conditions\/"},"modified":"2025-06-04T20:52:47","modified_gmt":"2025-06-05T00:52:47","slug":"terms-conditions","status":"publish","type":"page","link":"https:\/\/capitolflooringproducts.com\/es\/terms-conditions\/","title":{"rendered":"T\u00e9rminos y condiciones"},"content":{"rendered":"<p>Capitol<sup>\u00ae<\/sup> (\u201cnosotros\u201d) proporciona este sitio web y todo el contenido (colectivamente, los \u201cmateriales\u201d) sujetos a las siguientes condiciones de uso y pol\u00edtica de privacidad (en conjunto, las \u201cCondiciones\u201d). Capitol<sup>\u00ae<\/sup> se reserva el derecho de modificar, alterar o actualizar de otra manera estas condiciones en cualquier momento. Capitol<sup>\u00ae<\/sup> publicar\u00e1 tales cambios en este sitio web, por lo que le recomendamos revisar estas Condiciones de vez en cuando. Su uso continuo de este sitio web constituye su aceptaci\u00f3n de las Condiciones, y a cualquier y a todos los cambios publicados.<\/p>\n<p><strong>La informaci\u00f3n es proporcionada solamente para fines informativos<\/strong><br \/>\nTODOS LOS MATERIALES EN ESTE SITIO WEB SE PROPORCIONAN SOLO CON FINES INFORMATIVOS. Capitol<sup>\u00ae<\/sup> NO GARANTIZA LA PRECISI\u00d3N, EFECTIVIDAD O ADECUACI\u00d3N DE CUALQUIERA DE LOS MATERIALES.<\/p>\n<p><strong>Propiedad del sitio web y del contenido; Descarga<\/strong><br \/>\nEste sitio web es propiedad de Capitol<sup>\u00ae<\/sup>. A menos que se estipule lo contrario, todos los textos, im\u00e1genes, ilustraciones, dise\u00f1os, \u00edconos, fotograf\u00edas, videoclips, enlaces, logotipos y otros elementos y materiales que hagan parte de este sitio web o se publiquen en este sitio web (colectivamente, el \u201cContenido\u201d) son trabajos con derechos de autor, marcas registradas u otros trabajos con propiedad intelectual, controlados o licenciados por Capitol<sup>\u00ae<\/sup>. Se reservan todos los derechos.<\/p>\n<p>El contenido y este sitio web en su totalidad est\u00e1n intencionados solamente para su uso personal. Puede descargar o copiar el contenido presentado en este sitio web solamente para uso personal, teniendo en cuenta que entienda y acepte que no puede eliminar, alterar ni cubrir ning\u00fan aviso de derecho de autor o de otro tipo de propiedad colocado en este sitio web o del contenido asociado, y que el uso personal no incluye el derecho de republicar, distribuir o modificar el contenido de ninguna manera.<\/p>\n<p><strong>Enlaces a otros sitios web<\/strong><br \/>\nEste sitio web puede contener enlaces a sitios web y recursos de otras personas y entidades (colectivamente, los \u201cSitios web de terceros\u201d). Si decide visitar los sitios web de terceros, admite y acepta que (1) lo hace bajo su propio riesgo; (2) es su responsabilidad protegerse contra bombas de tiempo, troyanos, virus, gusanos inform\u00e1ticos u otras rutinas de programaci\u00f3n inform\u00e1tica que podr\u00edan alterar, da\u00f1ar, expropiar, interceptar o interferir en su sistema inform\u00e1tico; (3) Capitol<sup>\u00ae<\/sup> no avala ni se responsabiliza de la informaci\u00f3n, la publicidad u otro contenido presente en los sitios web de terceros, o los productos o servicios promocionados, ofrecidos o vendidos all\u00ed; (4) su acceso a los sitios web de terceros y su uso de estos est\u00e1n sujetos a los t\u00e9rminos y condiciones de uso de dichos sitios (incluidas sus respectivas pol\u00edticas de privacidad); (5) Capitol<sup>\u00ae<\/sup> no hace declaraciones ni garant\u00edas respecto de la precisi\u00f3n, adecuaci\u00f3n, disponibilidad, compleci\u00f3n, protecci\u00f3n contra virus, rendimiento, calidad, seguridad o puntualidad de los sitios web de terceros o sus contenidos.<\/p>\n<p><strong>Exclusi\u00f3n de responsabilidad<\/strong><br \/>\nESTE SITIO WEB Y SU CONTENIDO SE BRINDAN \u00a8TAL CUAL EST\u00c1N\u00a8 SIN GARANT\u00cdAS DE NING\u00daN TIPO, YA SEAN EXPRESAS O IMPL\u00cdCITAS, LO QUE INCLUYENDO LAS GARANTIAS SIN LIMITES DE T\u00cdTULO O GARANT\u00cdAS IMPL\u00cdCITAS DE COMERCIABILIDAD O ADECUACI\u00d3N PARA UN FIN EN PARTICULAR. EL USO QUE HAGA DE ESTE SITIO WEB ES BAJO SU PROPIO RIESGO, Y USTED ASUME PLENA RESPONSABILIDAD DE TODOS LOS COSTOS RELACIONADOS CON TODOS LOS SERVICIOS O REPARACIONES NECESARIOS DE CUALQUIER EQUIPO QUE USE EN RELACI\u00d3N CON EL USO DE NUESTRO SITIO WEB, Y Capitol<sup>\u00ae<\/sup> NO SER\u00c1 RESPONSABLE DE NING\u00daN DA\u00d1O DE NING\u00daN TIPO RELACIONADOS CON EL USO QUE USTED HAGA DE NUESTRO SITIO. Tenga en cuenta que algunas jurisdicciones puede que no permitan la exclusi\u00f3n de garant\u00edas impl\u00edcitas, por lo que algunas de las exclusiones antes mencionadas quiz\u00e1s no se apliquen a su caso. Consulte sus leyes locales para conocer las restricciones o limitaciones respecto de la exclusi\u00f3n de garant\u00edas impl\u00edcitas.<\/p>\n<p><strong>Descargo sobre fotograf\u00edas de productos<\/strong><br \/>\nLas im\u00e1genes de los productos en este sitio web se proporcionan para ayudarlo a seleccionar el producto correcto para su uso. Los productos reales podr\u00edan tener otro color.<\/p>\n<p><strong>Responsabilidad limitada<\/strong><br \/>\nEN LA MEDIDA EN QUE LA LEY LO PERMITA, Capitol<sup>\u00ae<\/sup>EN SU NOMBRE Y EN NOMBRE DE SUS FILIALES, NIEGA EXPRESAMENTE TODA RESPONSABILIDAD POR RECLAMOS, DA\u00d1OS, GASTOS (INCLUIDOS CARGOS RAZONABLES DE ABOGADOS) O P\u00c9RDIDAS RESULTANTES, DIRECTOS, PUNITIVOS, ESPECIALES O DE OTRO TIPO, QUE INCLUYEN DA\u00d1OS POR P\u00c9RDIDA DE USO DEL MATERIAL O DEL CONTENIDO, P\u00c9RDIDA DE ACCESO A ESTE SITIO WEB, P\u00c9RDIDA DE GANANCIAS U OTRAS P\u00c9RDIDAS INTANGIBLES, YA SEA MEDIANTE CONTRATO, AGRAVIO (INCLUIDA NEGLIGENCIA), RESPONSABILIDAD ESTRICTA, RESPONSABILIDAD SOBRE EL PRODUCTO O CUALQUIER OTRA TEOR\u00cdA DE RESPONSABILIDAD, QUE SURJAN DE O SE VINCULEN O RELACIONEN CON SU ACCESO O USO DEL SITIO, LOS MATERIALES, EL CONTENIDO O LOS SITIOS DE TERCEROS, INCLUSO SI SE LE INFORM\u00d3 DE DICHA POSIBILIDAD, O SI TAL RECLAMO, DA\u00d1O, GASTO O P\u00c9RDIDA ERA PREVISIBLE DE ALGUNA FORMA.<\/p>\n<p><strong>Preguntas<\/strong><br \/>\nSi tiene preguntas sobre nuestros t\u00e9rminos y condiciones, visite nuestra secci\u00f3n \u201c<a href=\"https:\/\/capitolflooringproducts.com\/es\/comuniquese-con-nosotros\/\">Comun\u00edquese con nosotros<\/a>\u201d.<\/p>\n","protected":false},"excerpt":{"rendered":"<p>Capitol\u00ae (\u201cnosotros\u201d) proporciona este sitio web y todo el contenido (colectivamente, los \u201cmateriales\u201d) sujetos a las siguientes condiciones de uso y pol\u00edtica de privacidad (en conjunto,&#8230;<\/p>\n","protected":false},"author":1,"featured_media":0,"parent":0,"menu_order":0,"comment_status":"closed","ping_status":"closed","template":"","meta":{"footnotes":""},"class_list":["post-3881","page","type-page","status-publish","hentry"],"_links":{"self":[{"href":"https:\/\/capitolflooringproducts.com\/es\/wp-json\/wp\/v2\/pages\/3881","targetHints":{"allow":["GET"]}}],"collection":[{"href":"https:\/\/capitolflooringproducts.com\/es\/wp-json\/wp\/v2\/pages"}],"about":[{"href":"https:\/\/capitolflooringproducts.com\/es\/wp-json\/wp\/v2\/types\/page"}],"author":[{"embeddable":true,"href":"https:\/\/capitolflooringproducts.com\/es\/wp-json\/wp\/v2\/users\/1"}],"replies":[{"embeddable":true,"href":"https:\/\/capitolflooringproducts.com\/es\/wp-json\/wp\/v2\/comments?post=3881"}],"version-history":[{"count":2,"href":"https:\/\/capitolflooringproducts.com\/es\/wp-json\/wp\/v2\/pages\/3881\/revisions"}],"predecessor-version":[{"id":7700,"href":"https:\/\/capitolflooringproducts.com\/es\/wp-json\/wp\/v2\/pages\/3881\/revisions\/7700"}],"wp:attachment":[{"href":"https:\/\/capitolflooringproducts.com\/es\/wp-json\/wp\/v2\/media?parent=3881"}],"curies":[{"name":"wp","href":"https:\/\/api.w.org\/{rel}","templated":true}]}}