{"id":3770,"date":"2022-03-15T16:09:41","date_gmt":"2022-03-15T20:09:41","guid":{"rendered":"https:\/\/capitolflooringproducts.com\/comuniquese-con-nosotros\/"},"modified":"2025-06-04T20:53:27","modified_gmt":"2025-06-05T00:53:27","slug":"comuniquese-con-nosotros","status":"publish","type":"page","link":"https:\/\/capitolflooringproducts.com\/es\/comuniquese-con-nosotros\/","title":{"rendered":"Comun\u00edquese con nosotros"},"content":{"rendered":"<p>[vc_section css=\u00bb.vc_custom_1647360614021{padding-top: 0px !important;}\u00bb][vc_row][vc_column][vc_row_inner][vc_column_inner width=\u00bb1\/2&#8243;][vc_column_text]<strong>Capitol<sup>\u00ae<\/sup><br \/>\n<\/strong>300 Cross Plains Blvd.<br \/>\nDalton, Georgia 30721<\/p>\n<p><strong>N\u00famero gratuito:<\/strong><br \/>\n(866) 435-8665<\/p>\n<p><strong>Soporte t\u00e9cnico:<\/strong><br \/>\n(706) 277-5294<\/p>\n<p><strong>S\u00edganos:<\/strong><br \/>\n<!-- <a class=\"twitter\" href=\"#\" target=\"_blank\" rel=\"noopener\"><i class=\"fab fa-twitter fa-2x\" title=\"twitter icon\" aria-hidden=\"true\"><\/i><span class=\"sr-only\">twitter icon<\/span><\/a> --> <a class=\"facebook\" title=\"Facebook @capitolflooringtools\" href=\"https:\/\/www.facebook.com\/capitolflooringtools\" target=\"_blank\" rel=\"noopener\"><i class=\"fab fa-facebook fa-2x\" title=\"Facebook @capitolflooringtools\" aria-hidden=\"true\"><\/i> <span class=\"sr-only\">facebook icon<\/span><\/a> <!-- <a class=\"youtube\" href=\"#\" target=\"_blank\" rel=\"noopener\"><i class=\"fab fa-youtube fa-2x\" title=\"youtube icon\" aria-hidden=\"true\"><\/i><span class=\"sr-only\">youtube icon<\/span><\/a> --> <a class=\"instagram\" title=\"Instagram @capitolflooringtools\" href=\"https:\/\/www.instagram.com\/capitolflooringproducts\/\" target=\"_blank\" rel=\"noopener\"><i class=\"fab fa-instagram fa-2x\" title=\"Instagram @capitolflooringtools\" aria-hidden=\"true\"><\/i> <span class=\"sr-only\">instagram icon<\/span><\/a>[\/vc_column_text][\/vc_column_inner][vc_column_inner el_class=\u00bbbg-light p-5&#8243; width=\u00bb1\/2&#8243;]\n<div class=\"wpcf7 no-js\" id=\"wpcf7-f3774-o1\" lang=\"es-ES\" dir=\"ltr\" data-wpcf7-id=\"3774\">\n<div class=\"screen-reader-response\"><p role=\"status\" aria-live=\"polite\" aria-atomic=\"true\"><\/p> <ul><\/ul><\/div>\n<form action=\"\/es\/wp-json\/wp\/v2\/pages\/3770#wpcf7-f3774-o1\" method=\"post\" class=\"wpcf7-form init\" aria-label=\"Formulario de contacto\" novalidate=\"novalidate\" data-status=\"init\">\n<fieldset class=\"hidden-fields-container\"><input type=\"hidden\" name=\"_wpcf7\" value=\"3774\" \/><input type=\"hidden\" name=\"_wpcf7_version\" value=\"6.1.1\" \/><input type=\"hidden\" name=\"_wpcf7_locale\" value=\"es_ES\" \/><input type=\"hidden\" name=\"_wpcf7_unit_tag\" value=\"wpcf7-f3774-o1\" \/><input type=\"hidden\" name=\"_wpcf7_container_post\" value=\"0\" \/><input type=\"hidden\" name=\"_wpcf7_posted_data_hash\" value=\"\" \/><input type=\"hidden\" name=\"_wpcf7cf_hidden_group_fields\" value=\"[]\" \/><input type=\"hidden\" name=\"_wpcf7cf_hidden_groups\" value=\"[]\" \/><input type=\"hidden\" name=\"_wpcf7cf_visible_groups\" value=\"[]\" \/><input type=\"hidden\" name=\"_wpcf7cf_repeaters\" value=\"[]\" \/><input type=\"hidden\" name=\"_wpcf7cf_steps\" value=\"{}\" \/><input type=\"hidden\" name=\"_wpcf7cf_options\" value=\"{&quot;form_id&quot;:3774,&quot;conditions&quot;:[],&quot;settings&quot;:{&quot;animation&quot;:&quot;yes&quot;,&quot;animation_intime&quot;:200,&quot;animation_outtime&quot;:200,&quot;conditions_ui&quot;:&quot;normal&quot;,&quot;notice_dismissed&quot;:false}}\" \/><input type=\"hidden\" name=\"_wpcf7_recaptcha_response\" value=\"\" \/>\n<\/fieldset>\n<div class=\"form-group\">\n\t<p><label>Su nombre <span class=\"text-danger\">*<\/span><\/label><br \/>\n<span class=\"wpcf7-form-control-wrap\" data-name=\"your-name\"><input size=\"40\" maxlength=\"400\" class=\"wpcf7-form-control wpcf7-text wpcf7-validates-as-required form-control\" aria-required=\"true\" aria-invalid=\"false\" value=\"\" type=\"text\" name=\"your-name\" \/><\/span>\n\t<\/p>\n<\/div>\n<div class=\"form-group\">\n\t<p><label>Su correo electr\u00f3nico <span class=\"text-danger\">*<\/span><\/label><br \/>\n<span class=\"wpcf7-form-control-wrap\" data-name=\"your-email\"><input size=\"40\" maxlength=\"400\" class=\"wpcf7-form-control wpcf7-email wpcf7-validates-as-required wpcf7-text wpcf7-validates-as-email form-control\" aria-required=\"true\" aria-invalid=\"false\" value=\"\" type=\"email\" name=\"your-email\" \/><\/span>\n\t<\/p>\n<\/div>\n<div class=\"form-group\">\n\t<p><label>Tel\u00e9fono<\/label><br \/>\n<span class=\"wpcf7-form-control-wrap\" data-name=\"your-phone\"><input size=\"40\" maxlength=\"400\" class=\"wpcf7-form-control wpcf7-text form-control\" aria-invalid=\"false\" value=\"\" type=\"text\" name=\"your-phone\" \/><\/span>\n\t<\/p>\n<\/div>\n<div class=\"form-group\">\n\t<p><label>Asunto <span class=\"text-danger\">*<\/span><\/label><br \/>\n<span class=\"wpcf7-form-control-wrap\" data-name=\"subject\"><select class=\"wpcf7-form-control wpcf7-select wpcf7-validates-as-required form-control\" aria-required=\"true\" aria-invalid=\"false\" name=\"subject\"><option value=\"\">&#8212;Por favor, elige una opci\u00f3n&#8212;<\/option><option value=\"Servicio de atenci\u00f3n al cliente\">Servicio de atenci\u00f3n al cliente<\/option><option value=\"Informaci\u00f3n sobre el producto\">Informaci\u00f3n sobre el producto<\/option><option value=\"Informaci\u00f3n t\u00e9cnica\/Garant\u00eda\">Informaci\u00f3n t\u00e9cnica\/Garant\u00eda<\/option><option value=\"Otros\">Otros<\/option><\/select><\/span>\n\t<\/p>\n<\/div>\n<div class=\"form-group\">\n\t<p><label>Preguntas\/Comentarios <span class=\"text-danger\">*<\/span><\/label><br \/>\n<span class=\"wpcf7-form-control-wrap\" data-name=\"your-message\"><textarea cols=\"40\" rows=\"4\" maxlength=\"2000\" class=\"wpcf7-form-control wpcf7-textarea wpcf7-validates-as-required form-control\" aria-required=\"true\" aria-invalid=\"false\" name=\"your-message\"><\/textarea><\/span>\n\t<\/p>\n<\/div>\n<p class=\"copy\">Sus datos no se guardar\u00e1n nunca y tampoco se compartir\u00e1n con nadie ajeno a nuestros departamentos de atenci\u00f3n al cliente o soporte t\u00e9cnico. No es necesario proporcionar un n\u00famero de tel\u00e9fono, pero hacerlo puede acelerar enormemente la resoluci\u00f3n de cualquier problema que pueda tener.\n<\/p>\n<div class=\"form-group\">\n\t<p><input class=\"wpcf7-form-control wpcf7-submit has-spinner btn btn-light-blue\" type=\"submit\" value=\"ENVIAR UN MENSAJE\" \/>\n\t<\/p>\n<\/div><div class=\"wpcf7-response-output\" aria-hidden=\"true\"><\/div>\n<\/form>\n<\/div>\n[\/vc_column_inner][\/vc_row_inner][\/vc_column][\/vc_row][\/vc_section]<\/p>\n","protected":false},"excerpt":{"rendered":"<p>[vc_section css=\u00bb.vc_custom_1647360614021{padding-top: 0px !important;}\u00bb][vc_row][vc_column][vc_row_inner][vc_column_inner width=\u00bb1\/2&#8243;][vc_column_text]Capitol\u00ae 300 Cross Plains Blvd. Dalton, Georgia 30721 N\u00famero gratuito: (866) 435-8665 Soporte t\u00e9cnico: (706) 277-5294 S\u00edganos: facebook icon instagram icon[\/vc_column_text][\/vc_column_inner][vc_column_inner el_class=\u00bbbg-light&#8230;<\/p>\n","protected":false},"author":1,"featured_media":0,"parent":0,"menu_order":0,"comment_status":"closed","ping_status":"closed","template":"","meta":{"footnotes":""},"class_list":["post-3770","page","type-page","status-publish","hentry"],"_links":{"self":[{"href":"https:\/\/capitolflooringproducts.com\/es\/wp-json\/wp\/v2\/pages\/3770","targetHints":{"allow":["GET"]}}],"collection":[{"href":"https:\/\/capitolflooringproducts.com\/es\/wp-json\/wp\/v2\/pages"}],"about":[{"href":"https:\/\/capitolflooringproducts.com\/es\/wp-json\/wp\/v2\/types\/page"}],"author":[{"embeddable":true,"href":"https:\/\/capitolflooringproducts.com\/es\/wp-json\/wp\/v2\/users\/1"}],"replies":[{"embeddable":true,"href":"https:\/\/capitolflooringproducts.com\/es\/wp-json\/wp\/v2\/comments?post=3770"}],"version-history":[{"count":5,"href":"https:\/\/capitolflooringproducts.com\/es\/wp-json\/wp\/v2\/pages\/3770\/revisions"}],"predecessor-version":[{"id":7707,"href":"https:\/\/capitolflooringproducts.com\/es\/wp-json\/wp\/v2\/pages\/3770\/revisions\/7707"}],"wp:attachment":[{"href":"https:\/\/capitolflooringproducts.com\/es\/wp-json\/wp\/v2\/media?parent=3770"}],"curies":[{"name":"wp","href":"https:\/\/api.w.org\/{rel}","templated":true}]}}