{"id":3748,"date":"2023-03-21T11:07:56","date_gmt":"2023-03-21T15:07:56","guid":{"rendered":"https:\/\/capitolflooringproducts.com\/el-compromiso-incondicional-de-capitol-con-la-sostenibilidad\/"},"modified":"2023-09-22T09:51:49","modified_gmt":"2023-09-22T13:51:49","slug":"el-compromiso-incondicional-de-capitol-con-la-sostenibilidad","status":"publish","type":"page","link":"https:\/\/capitolflooringproducts.com\/es\/el-compromiso-incondicional-de-capitol-con-la-sostenibilidad\/","title":{"rendered":"El compromiso incondicional de Capitol con la sostenibilidad"},"content":{"rendered":"<p>[vc_row][vc_column width=\u00bb2\/3&#8243;][vc_column_text]En Capitol\u00ae, la innovaci\u00f3n y la conciencia medioambiental van de la mano.<\/p>\n<p>Nos desafiamos a nosotros mismos constantemente a reimaginar el dise\u00f1o, el envasado y la fabricaci\u00f3n de nuestros productos con componentes y materiales reciclados, biodegradables y respetuosos con el medio ambiente. Muchos de nuestros adhesivos contribuyen con uno o m\u00e1s puntos al sistema de clasificaci\u00f3n de Liderazgo en Energ\u00eda y Dise\u00f1o Ambiental (LEED), establecido por la asociaci\u00f3n de edificios verdes Green Building Council de los EUA, y el logotipo CRI de Green Label +Plus indica que nuestros adhesivos han sido sometidos a pruebas rigurosas y cumplen con los criterios m\u00e1s estrictos de bajas emisiones qu\u00edmicas y se encuentran entre los productos con menos emisiones de compuestos org\u00e1nicos vol\u00e1tiles (COV) en el mercado.<\/p>\n<p>Con orgullo, estos son nuestros logros m\u00e1s recientes en materia de respeto por el medio ambiente y la sostenibilidad:<\/p>\n<ul>\n<li aria-level=\"1\">Eliminamos el pl\u00e1stico de un solo uso de m\u00e1s de 10 art\u00edculos<\/li>\n<li aria-level=\"1\">Sustituimos miles de libras de pl\u00e1stico virgen con pl\u00e1stico reciclado<\/li>\n<li aria-level=\"1\">Sustituimos miles de libras de pl\u00e1stico con cart\u00f3n corrugado y reciclado<\/li>\n<li aria-level=\"1\">Aumentamos el n\u00famero de adhesivos con certificaci\u00f3n CRI<\/li>\n<\/ul>\n<p>[\/vc_column_text][\/vc_column][vc_column width=\u00bb1\/3&#8243;][vc_single_image image=\u00bb1826&#8243; img_size=\u00bbmedium\u00bb alignment=\u00bbcenter\u00bb][vc_single_image image=\u00bb1828&#8243; img_size=\u00bbmedium\u00bb alignment=\u00bbcenter\u00bb][\/vc_column][\/vc_row]<\/p>\n","protected":false},"excerpt":{"rendered":"<p>[vc_row][vc_column width=\u00bb2\/3&#8243;][vc_column_text]En Capitol\u00ae, la innovaci\u00f3n y la conciencia medioambiental van de la mano. Nos desafiamos a nosotros mismos constantemente a reimaginar el dise\u00f1o, el envasado y&#8230;<\/p>\n","protected":false},"author":1,"featured_media":0,"parent":0,"menu_order":0,"comment_status":"closed","ping_status":"closed","template":"","meta":{"footnotes":""},"class_list":["post-3748","page","type-page","status-publish","hentry"],"_links":{"self":[{"href":"https:\/\/capitolflooringproducts.com\/es\/wp-json\/wp\/v2\/pages\/3748","targetHints":{"allow":["GET"]}}],"collection":[{"href":"https:\/\/capitolflooringproducts.com\/es\/wp-json\/wp\/v2\/pages"}],"about":[{"href":"https:\/\/capitolflooringproducts.com\/es\/wp-json\/wp\/v2\/types\/page"}],"author":[{"embeddable":true,"href":"https:\/\/capitolflooringproducts.com\/es\/wp-json\/wp\/v2\/users\/1"}],"replies":[{"embeddable":true,"href":"https:\/\/capitolflooringproducts.com\/es\/wp-json\/wp\/v2\/comments?post=3748"}],"version-history":[{"count":4,"href":"https:\/\/capitolflooringproducts.com\/es\/wp-json\/wp\/v2\/pages\/3748\/revisions"}],"predecessor-version":[{"id":3753,"href":"https:\/\/capitolflooringproducts.com\/es\/wp-json\/wp\/v2\/pages\/3748\/revisions\/3753"}],"wp:attachment":[{"href":"https:\/\/capitolflooringproducts.com\/es\/wp-json\/wp\/v2\/media?parent=3748"}],"curies":[{"name":"wp","href":"https:\/\/api.w.org\/{rel}","templated":true}]}}