{"id":3743,"date":"2023-04-18T12:16:25","date_gmt":"2023-04-18T16:16:25","guid":{"rendered":"https:\/\/capitolflooringproducts.com\/quien-es-capitol\/"},"modified":"2023-04-18T12:16:25","modified_gmt":"2023-04-18T16:16:25","slug":"quien-es-capitol","status":"publish","type":"page","link":"https:\/\/capitolflooringproducts.com\/es\/quien-es-capitol\/","title":{"rendered":"\u00bfQui\u00e9n es Capitol?"},"content":{"rendered":"<p><span style=\"font-weight: 400;\">Capitol<sup>\u00ae<\/sup> es un fabricante, importador y distribuidor de herramientas, adhesivos y accesorios para la instalaci\u00f3n profesional de pisos. <\/span><\/p>\n<p><span style=\"font-weight: 400;\">Dise\u00f1ado por profesionales para profesionales, nos especializamos en ofrecer soluciones para la instalaci\u00f3n de pisos que responden a los desaf\u00edos de forma y funci\u00f3n del instalador actual.<\/span><\/p>\n<p><span style=\"font-weight: 400;\">Respaldada por d\u00e9cadas de innovaci\u00f3n de productos, experiencia en distribuci\u00f3n y superioridad en comercializaci\u00f3n, la marca Capitol<sup>\u00ae<\/sup>, se rige por tres principios clave: RENDIMIENTO, CALIDAD y ORGULLO.<\/span><\/p>\n<p><span style=\"font-weight: 400;\">Estos principios son fundamentales en todo lo que hacemos: desde el dise\u00f1o, la fabricaci\u00f3n, las pruebas y la garant\u00eda de calidad de nuestros productos, hasta el servicio de atenci\u00f3n al cliente y el soporte t\u00e9cnico que ofrecemos, pasando por la confianza y la lealtad que nos hemos ganado y que compartimos con generaciones de instaladores.<\/span><\/p>\n<h2 class=\"text-center my-5\" style=\"text-align: center;\">Una marca de confianza<\/h2>\n<p>Siendo una marca de primera calidad de herramientas, adhesivos y accesorios para pisos, Capitol<sup>\u00ae<\/sup> aprovecha su experiencia en la industria y las relaciones duraderas con organizaciones comerciales para ofrecer al mercado soluciones pensadas y aprobadas por los instaladores.<\/p>\n<p>Comprometidos siempre a superar sus expectativas, podr\u00e1 contar con lo siguiente:<\/p>\n<ul>\n<li aria-level=\"1\">1,5 millones de pies cuadrados de espacio de almacenamiento y fabricaci\u00f3n para garantizar las cantidades de los lotes de trabajo<\/li>\n<li aria-level=\"1\">Contamos con un equipo de investigaci\u00f3n y desarrollo de categor\u00eda mundial dedicado a innovar nuestros productos<\/li>\n<li aria-level=\"1\">Asistencia t\u00e9cnica de nivel experto para resolver todas sus dudas sobre los productos y el sector<\/li>\n<li aria-level=\"1\">Servicio de atenci\u00f3n al cliente multiling\u00fce inigualable<\/li>\n<li aria-level=\"1\">Asociaciones con afiliados del sector para apoyar e invertir en el comercio<\/li>\n<\/ul>\n","protected":false},"excerpt":{"rendered":"<p>Capitol\u00ae es un fabricante, importador y distribuidor de herramientas, adhesivos y accesorios para la instalaci\u00f3n profesional de pisos. Dise\u00f1ado por profesionales para profesionales, nos especializamos en&#8230;<\/p>\n","protected":false},"author":1,"featured_media":0,"parent":0,"menu_order":0,"comment_status":"closed","ping_status":"closed","template":"","meta":{"footnotes":""},"class_list":["post-3743","page","type-page","status-publish","hentry"],"_links":{"self":[{"href":"https:\/\/capitolflooringproducts.com\/es\/wp-json\/wp\/v2\/pages\/3743","targetHints":{"allow":["GET"]}}],"collection":[{"href":"https:\/\/capitolflooringproducts.com\/es\/wp-json\/wp\/v2\/pages"}],"about":[{"href":"https:\/\/capitolflooringproducts.com\/es\/wp-json\/wp\/v2\/types\/page"}],"author":[{"embeddable":true,"href":"https:\/\/capitolflooringproducts.com\/es\/wp-json\/wp\/v2\/users\/1"}],"replies":[{"embeddable":true,"href":"https:\/\/capitolflooringproducts.com\/es\/wp-json\/wp\/v2\/comments?post=3743"}],"version-history":[{"count":0,"href":"https:\/\/capitolflooringproducts.com\/es\/wp-json\/wp\/v2\/pages\/3743\/revisions"}],"wp:attachment":[{"href":"https:\/\/capitolflooringproducts.com\/es\/wp-json\/wp\/v2\/media?parent=3743"}],"curies":[{"name":"wp","href":"https:\/\/api.w.org\/{rel}","templated":true}]}}